{"id":756,"date":"2021-06-14T11:15:42","date_gmt":"2021-06-14T04:15:42","guid":{"rendered":"http:\/\/wordpress.dsp.vn\/?post_type=product&#038;p=756"},"modified":"2021-06-14T11:21:49","modified_gmt":"2021-06-14T04:21:49","slug":"enantique-roman-stone-door-surroundvicong-ngo-da-kieu-co-dien-chau-au","status":"publish","type":"product","link":"https:\/\/www.danangsculpture.com.vn\/vi\/product\/enantique-roman-stone-door-surroundvicong-ngo-da-kieu-co-dien-chau-au\/","title":{"rendered":"C\u1ed5ng ng\u00f5 \u0111\u00e1 ki\u1ec3u c\u1ed5 \u0111i\u1ec3n ch\u00e2u \u00c2u"},"content":{"rendered":"<p>\n\tC\u1ed5ng ng&otilde; ki\u1ec3u d&aacute;ng c\u1ed5 \u0111i\u1ec3n, g\u1ed3m 2 t\u1ea7ng v\u1edbi c&aacute;c tr\u1ee5 \u0111i&ecirc;u kh\u1eafc tinh t\u1ebf nhi\u1ec1u nh&acirc;n v\u1eadt nam, n\u1eef, thi&ecirc;n th\u1ea7n theo phong c&aacute;ch La M&atilde;, hoa v\u0103n trang tr&iacute; sinh \u0111\u1ed9ng. \u0110&acirc;y th\u1ef1c s\u1ef1 l&agrave; m\u1ed9t c&ocirc;ng tr&igrave;nh ngh\u1ec7 thu\u1eadt \u0111\u1eb9p, \u0111\u01b0\u1ee3c l&agrave;m b\u1eb1ng \u0111&aacute; c\u1ea9m th\u1ea1ch tr\u1eafng t\u1ef1 nhi&ecirc;n, b\u1ec1 m\u1eb7t \u0111&aacute;nh b&oacute;ng. M\u1eddi qu&yacute; kh&aacute;ch xem th&ecirc;m nhi\u1ec1u s\u1ea3n ph\u1ea9m ki\u1ebfn tr&uacute;c b\u1eb1ng \u0111&aacute; kh&aacute;c t\u1ea1i&nbsp;<a href=\"http:\/\/danangsculpture.com\/vn\/product-cat\/22-san-pham-kien-truc\/\">DanangSculpture.com<\/a>.<\/p>\n<p>\n\t&nbsp;<\/p>\n<table border=\"1\" cellpadding=\"0\" cellspacing=\"0\" style=\"width: 784px;\" width=\"784\">\n<tbody>\n<tr>\n<td style=\"width: 161px;\">\n<p>\n\t\t\t\t\t1. K&iacute;ch th\u01b0\u1edbc:<\/p>\n<\/td>\n<td style=\"width: 624px;\">\n<p>\n\t\t\t\t\tTheo y&ecirc;u c\u1ea7u ri&ecirc;ng c\u1ee7a b\u1ea1n, cao t\u1eeb 3m tr\u1edf l&ecirc;n&nbsp;<\/p>\n<\/td>\n<\/tr>\n<tr>\n<td style=\"width: 161px;\">\n<p>\n\t\t\t\t\t2. Nguy&ecirc;n v\u1eadt li\u1ec7u:<\/p>\n<\/td>\n<td style=\"width: 624px;\">\n<p>\n\t\t\t\t\t\u0110&aacute; c\u1ea9m th\u1ea1ch, sa th\u1ea1ch ho\u1eb7c \u0111&aacute; hoa c\u01b0\u01a1ng t\u1ef1 nhi&ecirc;n&nbsp;<\/p>\n<\/td>\n<\/tr>\n<tr>\n<td style=\"width: 161px;\">\n<p>\n\t\t\t\t\t3. M&agrave;u s\u1eafc:<\/p>\n<\/td>\n<td style=\"width: 624px;\">\n<p>\n\t\t\t\t\tTr\u1eafng\/V&agrave;ng\/\u0110en\/X&aacute;m\/H\u1ed3ng\/\u0110\u1ecf&hellip; theo y&ecirc;u c\u1ea7u ri&ecirc;ng c\u1ee7a b\u1ea1n&nbsp;<\/p>\n<\/td>\n<\/tr>\n<tr>\n<td style=\"width: 161px;\">\n<p>\n\t\t\t\t\t4. K\u1ef9 thu\u1eadt:<\/p>\n<\/td>\n<td style=\"width: 624px;\">\n<p>\n\t\t\t\t\t\u0110i&ecirc;u kh\u1eafc b\u1eb1ng tay, b\u1ec1 m\u1eb7t \u0111&aacute;nh b&oacute;ng ho\u1eb7c m&agrave;i nh\u1eb5n ho\u1eb7c bu nh&aacute;m<\/p>\n<\/td>\n<\/tr>\n<tr>\n<td style=\"width: 161px;\">\n<p>\n\t\t\t\t\t5. Phong c&aacute;ch:<\/p>\n<\/td>\n<td style=\"width: 624px;\">\n<p>\n\t\t\t\t\tC\u1ed5 \u0111i\u1ec3n ho\u1eb7c hi\u1ec7n \u0111\u1ea1i, ph\u01b0\u01a1ng \u0110&ocirc;ng ho\u1eb7c ph\u01b0\u01a1ng T&acirc;y t&ugrave;y theo y&ecirc;u c\u1ea7u ri&ecirc;ng c\u1ee7a b\u1ea1n&nbsp;<\/p>\n<\/td>\n<\/tr>\n<tr>\n<td style=\"width: 161px;\">\n<p>\n\t\t\t\t\t6. C&aacute;ch s\u1eed d\u1ee5ng:<\/p>\n<\/td>\n<td style=\"width: 624px;\">\n<p>\n\t\t\t\t\tC\u1ed5ng ng&otilde; ngo&agrave;i tr\u1eddi<\/p>\n<\/td>\n<\/tr>\n<tr>\n<td style=\"width: 161px;\">\n<p>\n\t\t\t\t\t7. \u0110i\u1ec1u kho\u1ea3n mua b&aacute;n:<\/p>\n<\/td>\n<td style=\"width: 624px;\">\n<p>\n\t\t\t\t\tEXW, FOB, CFR, CIF, CPT, CIP t&ugrave;y theo y&ecirc;u c\u1ea7u ri&ecirc;ng c\u1ee7a b\u1ea1n&nbsp;<\/p>\n<\/td>\n<\/tr>\n<tr>\n<td style=\"width: 161px;\">\n<p>\n\t\t\t\t\t8. Ph\u01b0\u01a1ng th\u1ee9c thanh to&aacute;n: &nbsp;&nbsp;<\/p>\n<\/td>\n<td style=\"width: 624px;\">\n<p>\n\t\t\t\t\tChuy\u1ec3n kho\u1ea3n, th\u1ebb t&iacute;n d\u1ee5ng trong n\u01b0\u1edbc v&agrave; qu\u1ed1c t\u1ebf, Western Union ho\u1eb7c L\/C&nbsp;tr\u1ea3 ngay<\/p>\n<\/td>\n<\/tr>\n<tr>\n<td style=\"width: 161px;\">\n<p>\n\t\t\t\t\t9. \u0110&oacute;ng g&oacute;i:<\/p>\n<\/td>\n<td style=\"width: 624px;\">\n<p>\n\t\t\t\t\t\u0110&oacute;ng trong ki\u1ec7n g\u1ed7 ch\u1eafc ch\u1eafn (c&oacute; ch&egrave;n carton, n&ecirc;m g\u1ed7 ho\u1eb7c x\u1ed1p b&ecirc;n trong) \u0111\u1ed1i v\u1edbi v\u1eadn chuy\u1ec3n \u0111\u01b0\u1eddng bi\u1ec3n ho\u1eb7c \u0111\u01b0\u1eddng b\u1ed9 v&agrave; trong th&ugrave;ng x\u1ed1p \u0111\u1eb7c \u0111\u1ed1i v\u1edbi v\u1eadn chuy\u1ec3n h&agrave;ng kh&ocirc;ng<\/p>\n<\/td>\n<\/tr>\n<tr>\n<td style=\"width: 161px;\">\n<p>\n\t\t\t\t\t10. Th\u1eddi h\u1ea1n giao h&agrave;ng:<\/p>\n<\/td>\n<td style=\"width: 624px;\">\n<p>\n\t\t\t\t\t45-90 ng&agrave;y sau khi nh\u1eadn \u0111\u01b0\u1ee3c ti\u1ec1n \u0111\u1eb7t c\u1ecdc t&ugrave;y theo t\u1eebng \u0111\u01a1n h&agrave;ng c\u1ee5 th\u1ec3<\/p>\n<\/td>\n<\/tr>\n<\/tbody>\n<\/table>\n<p>\n\t&nbsp;<\/p>\n","protected":false},"excerpt":{"rendered":"<p>C\u1ed5ng ng\u00f5 ki\u1ec3u d\u00e1ng c\u1ed5 \u0111i\u1ec3n, g\u1ed3m 2 t\u1ea7ng v\u1edbi c\u00e1c tr\u1ee5 \u0111i\u00eau kh\u1eafc tinh t\u1ebf nhi\u1ec1u nh\u00e2n v\u1eadt nam, n\u1eef, thi\u00ean th\u1ea7n theo phong c\u00e1ch La M\u00e3, hoa v\u0103n trang tr\u00ed sinh \u0111\u1ed9ng. \u0110\u00e2y th\u1ef1c s\u1ef1 l\u00e0 m\u1ed9t c\u00f4ng tr\u00ecnh ngh\u1ec7 thu\u1eadt \u0111\u1eb9p, \u0111\u01b0\u1ee3c l\u00e0m b\u1eb1ng \u0111\u00e1 c\u1ea9m th\u1ea1ch tr\u1eafng t\u1ef1 nhi\u00ean, b\u1ec1 m\u1eb7t \u0111\u00e1n<\/p>\n","protected":false},"featured_media":805,"comment_status":"open","ping_status":"closed","template":"","meta":[],"product_cat":[79],"product_tag":[],"class_list":["post-756","product","type-product","status-publish","has-post-thumbnail","hentry","product_cat-door-frames-door-surroundings"],"yoast_head":"<!-- This site is optimized with the Yoast SEO plugin v16.6.1 - https:\/\/yoast.com\/wordpress\/plugins\/seo\/ -->\n<title>C\u1ed5ng ng\u00f5 \u0111\u00e1 ki\u1ec3u c\u1ed5 \u0111i\u1ec3n ch\u00e2u \u00c2u - Danang Sculpture Foundation<\/title>\n<meta name=\"robots\" content=\"index, follow, max-snippet:-1, max-image-preview:large, max-video-preview:-1\" \/>\n<link rel=\"canonical\" href=\"https:\/\/www.danangsculpture.com.vn\/product\/enantique-roman-stone-door-surroundvicong-ngo-da-kieu-co-dien-chau-au\/\" \/>\n<meta property=\"og:locale\" content=\"vi_VN\" \/>\n<meta property=\"og:type\" content=\"article\" \/>\n<meta property=\"og:title\" content=\"C\u1ed5ng ng\u00f5 \u0111\u00e1 ki\u1ec3u c\u1ed5 \u0111i\u1ec3n ch\u00e2u \u00c2u\" \/>\n<meta property=\"og:description\" content=\"C\u1ed5ng ng\u00f5 ki\u1ec3u d\u00e1ng c\u1ed5 \u0111i\u1ec3n, g\u1ed3m 2 t\u1ea7ng v\u1edbi c\u00e1c tr\u1ee5 \u0111i\u00eau kh\u1eafc tinh t\u1ebf nhi\u1ec1u nh\u00e2n v\u1eadt nam, n\u1eef, thi\u00ean th\u1ea7n theo phong c\u00e1ch La M\u00e3, hoa v\u0103n trang tr\u00ed sinh \u0111\u1ed9ng. \u0110\u00e2y th\u1ef1c s\u1ef1 l\u00e0 m\u1ed9t c\u00f4ng tr\u00ecnh ngh\u1ec7 thu\u1eadt \u0111\u1eb9p, \u0111\u01b0\u1ee3c l\u00e0m b\u1eb1ng \u0111\u00e1 c\u1ea9m th\u1ea1ch tr\u1eafng t\u1ef1 nhi\u00ean, b\u1ec1 m\u1eb7t \u0111\u00e1n\" \/>\n<meta property=\"og:url\" content=\"https:\/\/www.danangsculpture.com.vn\/product\/enantique-roman-stone-door-surroundvicong-ngo-da-kieu-co-dien-chau-au\/\" \/>\n<meta property=\"og:site_name\" content=\"Danang Sculpture Foundation\" \/>\n<meta property=\"article:modified_time\" content=\"2021-06-14T04:21:49+00:00\" \/>\n<meta property=\"og:image\" content=\"http:\/\/danangsculpture.com.vn\/wp-content\/uploads\/2021\/06\/1487149290.jpg\" \/>\n\t<meta property=\"og:image:width\" content=\"450\" \/>\n\t<meta property=\"og:image:height\" content=\"600\" \/>\n<meta name=\"twitter:card\" content=\"summary_large_image\" \/>\n<meta name=\"twitter:label1\" content=\"\u01af\u1edbc t\u00ednh th\u1eddi gian \u0111\u1ecdc\" \/>\n\t<meta name=\"twitter:data1\" content=\"8 ph\u00fat\" \/>\n<script type=\"application\/ld+json\" class=\"yoast-schema-graph\">{\"@context\":\"https:\/\/schema.org\",\"@graph\":[{\"@type\":\"WebSite\",\"@id\":\"https:\/\/www.danangsculpture.com.vn\/vi\/#website\",\"url\":\"https:\/\/www.danangsculpture.com.vn\/vi\/\",\"name\":\"Danang Sculpture Foundation\",\"description\":\"Giving spirit to stones\",\"potentialAction\":[{\"@type\":\"SearchAction\",\"target\":{\"@type\":\"EntryPoint\",\"urlTemplate\":\"https:\/\/www.danangsculpture.com.vn\/vi\/?s={search_term_string}\"},\"query-input\":\"required name=search_term_string\"}],\"inLanguage\":\"vi\"},{\"@type\":\"ImageObject\",\"@id\":\"https:\/\/www.danangsculpture.com.vn\/product\/enantique-roman-stone-door-surroundvicong-ngo-da-kieu-co-dien-chau-au\/#primaryimage\",\"inLanguage\":\"vi\",\"url\":\"https:\/\/www.danangsculpture.com.vn\/wp-content\/uploads\/2021\/06\/1487149290.jpg\",\"contentUrl\":\"https:\/\/www.danangsculpture.com.vn\/wp-content\/uploads\/2021\/06\/1487149290.jpg\",\"width\":450,\"height\":600},{\"@type\":\"WebPage\",\"@id\":\"https:\/\/www.danangsculpture.com.vn\/product\/enantique-roman-stone-door-surroundvicong-ngo-da-kieu-co-dien-chau-au\/#webpage\",\"url\":\"https:\/\/www.danangsculpture.com.vn\/product\/enantique-roman-stone-door-surroundvicong-ngo-da-kieu-co-dien-chau-au\/\",\"name\":\"[:en]Antique Roman Stone Door Surround[:vi]C\\u1ed5ng ng\\u00f5 \\u0111\\u00e1 ki\\u1ec3u c\\u1ed5 \\u0111i\\u1ec3n ch\\u00e2u \\u00c2u[:] - Danang Sculpture Foundation\",\"isPartOf\":{\"@id\":\"https:\/\/www.danangsculpture.com.vn\/vi\/#website\"},\"primaryImageOfPage\":{\"@id\":\"https:\/\/www.danangsculpture.com.vn\/product\/enantique-roman-stone-door-surroundvicong-ngo-da-kieu-co-dien-chau-au\/#primaryimage\"},\"datePublished\":\"2021-06-14T04:15:42+00:00\",\"dateModified\":\"2021-06-14T04:21:49+00:00\",\"breadcrumb\":{\"@id\":\"https:\/\/www.danangsculpture.com.vn\/product\/enantique-roman-stone-door-surroundvicong-ngo-da-kieu-co-dien-chau-au\/#breadcrumb\"},\"inLanguage\":\"vi\",\"potentialAction\":[{\"@type\":\"ReadAction\",\"target\":[\"https:\/\/www.danangsculpture.com.vn\/product\/enantique-roman-stone-door-surroundvicong-ngo-da-kieu-co-dien-chau-au\/\"]}]},{\"@type\":\"BreadcrumbList\",\"@id\":\"https:\/\/www.danangsculpture.com.vn\/product\/enantique-roman-stone-door-surroundvicong-ngo-da-kieu-co-dien-chau-au\/#breadcrumb\",\"itemListElement\":[{\"@type\":\"ListItem\",\"position\":1,\"name\":\"Home\",\"item\":\"https:\/\/www.danangsculpture.com.vn\/vi\/\"},{\"@type\":\"ListItem\",\"position\":2,\"name\":\"Shop\",\"item\":\"https:\/\/www.danangsculpture.com.vn\/vi\/shop\/\"},{\"@type\":\"ListItem\",\"position\":3,\"name\":\"Antique Roman Stone Door Surround\"}]}]}<\/script>\n<!-- \/ Yoast SEO plugin. -->","_links":{"self":[{"href":"https:\/\/www.danangsculpture.com.vn\/vi\/wp-json\/wp\/v2\/product\/756","targetHints":{"allow":["GET"]}}],"collection":[{"href":"https:\/\/www.danangsculpture.com.vn\/vi\/wp-json\/wp\/v2\/product"}],"about":[{"href":"https:\/\/www.danangsculpture.com.vn\/vi\/wp-json\/wp\/v2\/types\/product"}],"replies":[{"embeddable":true,"href":"https:\/\/www.danangsculpture.com.vn\/vi\/wp-json\/wp\/v2\/comments?post=756"}],"wp:featuredmedia":[{"embeddable":true,"href":"https:\/\/www.danangsculpture.com.vn\/vi\/wp-json\/wp\/v2\/media\/805"}],"wp:attachment":[{"href":"https:\/\/www.danangsculpture.com.vn\/vi\/wp-json\/wp\/v2\/media?parent=756"}],"wp:term":[{"taxonomy":"product_cat","embeddable":true,"href":"https:\/\/www.danangsculpture.com.vn\/vi\/wp-json\/wp\/v2\/product_cat?post=756"},{"taxonomy":"product_tag","embeddable":true,"href":"https:\/\/www.danangsculpture.com.vn\/vi\/wp-json\/wp\/v2\/product_tag?post=756"}],"curies":[{"name":"wp","href":"https:\/\/api.w.org\/{rel}","templated":true}]}}