{"id":2528,"date":"2021-06-14T14:07:58","date_gmt":"2021-06-14T07:07:58","guid":{"rendered":"http:\/\/wordpress.dsp.vn\/?post_type=product&#038;p=2528"},"modified":"2021-11-12T16:42:07","modified_gmt":"2021-11-12T09:42:07","slug":"ennatural-green-onyx-decorative-vase-dsf-hslh01vibinh-hoa-co-cao-da-ma-nao-xanh-dsf-hslh01","status":"publish","type":"product","link":"https:\/\/www.danangsculpture.com.vn\/vi\/product\/ennatural-green-onyx-decorative-vase-dsf-hslh01vibinh-hoa-co-cao-da-ma-nao-xanh-dsf-hslh01\/","title":{"rendered":"B\u00ecnh hoa c\u1ed5 cao \u0111\u00e1 m\u00e3 n\u00e3o xanh DSF-HSLH01"},"content":{"rendered":"<p>B\u00ecnh hoa \u0111\u01b0\u1ee3c \u0111i\u00eau kh\u1eafc b\u1eb1ng tay t\u1eeb \u0111\u00e1 m\u00e3 n\u00e3o xanh t\u1ef1 nhi\u00ean, ph\u00f9 h\u1ee3p trang tr\u00ed l\u00e0m l\u00e0m vi\u1ec7c, t\u1ee7 k\u00ednh, trang tr\u00ed trong nh\u00e0. M\u1eddi qu\u00fd kh\u00e1ch xem th\u00eam nhi\u1ec1u lo\u1ea1i ch\u1eadu hoa, l\u1ecd hoa, t\u01b0\u1ee3ng trang tr\u00ed v\u01b0\u1eddn, \u0111\u00e0i phun n\u01b0\u1edbc v\u00e0 \u0111\u00e8n trang tr\u00ed b\u1eb1ng \u0111\u00e1 kh\u00e1c t\u1ea1i\u00a0<u><strong><a href=\"https:\/\/danangsculpture.com.vn\/product-category\/garden-statues-and-products\/vases-flower-pots\/\">DanangSculpture.com.vn<\/a><\/strong><\/u><\/p>\n<p>&nbsp;<\/p>\n<table style=\"width: 871px; height: 718px;\" border=\"1\" width=\"784\" cellspacing=\"0\" cellpadding=\"0\">\n<tbody>\n<tr>\n<td style=\"width: 161px;\">1. K\u00edch th\u01b0\u1edbc:<\/td>\n<td style=\"width: 624px;\">Theo y\u00eau c\u1ea7u ri\u00eang c\u1ee7a b\u1ea1n<\/td>\n<\/tr>\n<tr>\n<td style=\"width: 161px;\">2. Nguy\u00ean v\u1eadt li\u1ec7u:<\/td>\n<td style=\"width: 624px;\">\u0110\u00e1 c\u1ea9m th\u1ea1ch, \u0111\u00e1 m\u00e3 n\u00e3o \u00a0t\u1ef1 nhi\u00ean<\/td>\n<\/tr>\n<tr>\n<td style=\"width: 161px;\">3. M\u00e0u s\u1eafc:<\/td>\n<td style=\"width: 624px;\">Tr\u1eafng\/V\u00e0ng\/\u0110en\/X\u00e1m\/H\u1ed3ng\/\u0110\u1ecf\u2026 theo y\u00eau c\u1ea7u ri\u00eang c\u1ee7a b\u1ea1n<\/td>\n<\/tr>\n<tr>\n<td style=\"width: 161px;\">4. K\u1ef9 thu\u1eadt:<\/td>\n<td style=\"width: 624px;\">\u0110i\u00eau kh\u1eafc b\u1eb1ng tay, b\u1ec1 m\u1eb7t trong \u0111\u00e1nh b\u00f3ng, b\u1ec1 m\u1eb7t ngo\u00e0i \u0111\u00e1nh b\u00f3ng ho\u1eb7c m\u00e0i nh\u1eb5n ho\u1eb7c bu nh\u00e1m<\/td>\n<\/tr>\n<tr>\n<td style=\"width: 161px;\">5. Phong c\u00e1ch:<\/td>\n<td style=\"width: 624px;\">C\u1ed5 \u0111i\u1ec3n ho\u1eb7c hi\u1ec7n \u0111\u1ea1i, ph\u01b0\u01a1ng \u0110\u00f4ng ho\u1eb7c ph\u01b0\u01a1ng T\u00e2y t\u00f9y theo y\u00eau c\u1ea7u ri\u00eang c\u1ee7a b\u1ea1n<\/td>\n<\/tr>\n<tr>\n<td style=\"width: 161px;\">6. C\u00e1ch s\u1eed d\u1ee5ng:<\/td>\n<td style=\"width: 624px;\">Trang tr\u00ed n\u1ed9i th\u1ea5t cho nh\u00e0 ri\u00eang, bi\u1ec7t th\u1ef1, kh\u00e1ch s\u1ea1n, khu ngh\u1ec9 m\u00e1t&#8230;<\/td>\n<\/tr>\n<tr>\n<td style=\"width: 161px;\">7. \u0110i\u1ec1u kho\u1ea3n mua b\u00e1n:<\/td>\n<td style=\"width: 624px;\">EXW, FOB, CFR, CIF, CPT, CIP t\u00f9y theo y\u00eau c\u1ea7u ri\u00eang c\u1ee7a b\u1ea1n<\/td>\n<\/tr>\n<tr>\n<td style=\"width: 161px;\">8. Ph\u01b0\u01a1ng th\u1ee9c thanh to\u00e1n:<\/td>\n<td style=\"width: 624px;\">Chuy\u1ec3n kho\u1ea3n, th\u1ebb t\u00edn d\u1ee5ng trong n\u01b0\u1edbc v\u00e0 qu\u1ed1c t\u1ebf, Western Union ho\u1eb7c L\/C\u00a0tr\u1ea3 ngay<\/td>\n<\/tr>\n<tr>\n<td style=\"width: 161px;\">9. \u0110\u00f3ng g\u00f3i:<\/td>\n<td style=\"width: 624px;\">\u0110\u00f3ng trong ki\u1ec7n g\u1ed7 ch\u1eafc ch\u1eafn (c\u00f3 ch\u00e8n carton, n\u00eam g\u1ed7 ho\u1eb7c x\u1ed1p b\u00ean trong) \u0111\u1ed1i v\u1edbi v\u1eadn chuy\u1ec3n \u0111\u01b0\u1eddng bi\u1ec3n ho\u1eb7c \u0111\u01b0\u1eddng b\u1ed9 v\u00e0 trong th\u00f9ng x\u1ed1p \u0111\u1eb7c \u0111\u1ed1i v\u1edbi v\u1eadn chuy\u1ec3n h\u00e0ng kh\u00f4ng<\/td>\n<\/tr>\n<tr>\n<td style=\"width: 161px;\">10. Th\u1eddi h\u1ea1n giao h\u00e0ng:<\/td>\n<td style=\"width: 624px;\">02-05 ng\u00e0y sau khi nh\u1eadn \u0111\u01b0\u1ee3c ti\u1ec1n \u0111\u1eb7t c\u1ecdc t\u00f9y theo t\u1eebng \u0111\u01a1n h\u00e0ng c\u1ee5 th\u1ec3<\/td>\n<\/tr>\n<\/tbody>\n<\/table>\n<p>&nbsp;<\/p>\n","protected":false},"excerpt":{"rendered":"<p>B\u00ecnh hoa \u0111\u01b0\u1ee3c \u0111i\u00eau kh\u1eafc b\u1eb1ng tay t\u1eeb \u0111\u00e1 m\u00e3 n\u00e3o v\u00e0ng t\u1ef1 nhi\u00ean, ph\u00f9 h\u1ee3p trang tr\u00ed trong nh\u00e0. M\u1eddi qu\u00fd kh\u00e1ch xem th\u00eam nhi\u1ec1u t\u01b0\u1ee3ng, ch\u1eadu hoa, \u0111\u00e0i phun n\u01b0\u1edbc b\u1eb1ng \u0111\u00e1 kh\u00e1c t\u1ea1i DanangSculpture.com.<\/p>\n","protected":false},"featured_media":2574,"comment_status":"open","ping_status":"closed","template":"","meta":[],"product_cat":[97],"product_tag":[150,149],"class_list":["post-2528","product","type-product","status-publish","has-post-thumbnail","hentry","product_cat-vases-flower-pots","product_tag-lo-hoa-da-ngoc","product_tag-lo-hoa-da"],"yoast_head":"<!-- This site is optimized with the Yoast SEO plugin v16.6.1 - https:\/\/yoast.com\/wordpress\/plugins\/seo\/ -->\n<title>B\u00ecnh hoa c\u1ed5 cao \u0111\u00e1 m\u00e3 n\u00e3o xanh DSF-HSLH01 - Danang Sculpture Foundation<\/title>\n<meta name=\"robots\" content=\"index, follow, max-snippet:-1, max-image-preview:large, max-video-preview:-1\" \/>\n<link rel=\"canonical\" href=\"https:\/\/www.danangsculpture.com.vn\/product\/ennatural-green-onyx-decorative-vase-dsf-hslh01vibinh-hoa-co-cao-da-ma-nao-xanh-dsf-hslh01\/\" \/>\n<meta property=\"og:locale\" content=\"vi_VN\" \/>\n<meta property=\"og:type\" content=\"article\" \/>\n<meta property=\"og:title\" content=\"B\u00ecnh hoa c\u1ed5 cao \u0111\u00e1 m\u00e3 n\u00e3o xanh DSF-HSLH01\" \/>\n<meta property=\"og:description\" content=\"B\u00ecnh hoa \u0111\u01b0\u1ee3c \u0111i\u00eau kh\u1eafc b\u1eb1ng tay t\u1eeb \u0111\u00e1 m\u00e3 n\u00e3o v\u00e0ng t\u1ef1 nhi\u00ean, ph\u00f9 h\u1ee3p trang tr\u00ed trong nh\u00e0. M\u1eddi qu\u00fd kh\u00e1ch xem th\u00eam nhi\u1ec1u t\u01b0\u1ee3ng, ch\u1eadu hoa, \u0111\u00e0i phun n\u01b0\u1edbc b\u1eb1ng \u0111\u00e1 kh\u00e1c t\u1ea1i DanangSculpture.com.\" \/>\n<meta property=\"og:url\" content=\"https:\/\/www.danangsculpture.com.vn\/product\/ennatural-green-onyx-decorative-vase-dsf-hslh01vibinh-hoa-co-cao-da-ma-nao-xanh-dsf-hslh01\/\" \/>\n<meta property=\"og:site_name\" content=\"Danang Sculpture Foundation\" \/>\n<meta property=\"article:modified_time\" content=\"2021-11-12T09:42:07+00:00\" \/>\n<meta property=\"og:image\" content=\"https:\/\/danangsculpture.com.vn\/wp-content\/uploads\/2021\/06\/1591668516.jpg\" \/>\n\t<meta property=\"og:image:width\" content=\"450\" \/>\n\t<meta property=\"og:image:height\" content=\"499\" \/>\n<meta name=\"twitter:card\" content=\"summary_large_image\" \/>\n<meta name=\"twitter:label1\" content=\"\u01af\u1edbc t\u00ednh th\u1eddi gian \u0111\u1ecdc\" \/>\n\t<meta name=\"twitter:data1\" content=\"2 ph\u00fat\" \/>\n<script type=\"application\/ld+json\" class=\"yoast-schema-graph\">{\"@context\":\"https:\/\/schema.org\",\"@graph\":[{\"@type\":\"WebSite\",\"@id\":\"https:\/\/www.danangsculpture.com.vn\/vi\/#website\",\"url\":\"https:\/\/www.danangsculpture.com.vn\/vi\/\",\"name\":\"Danang Sculpture Foundation\",\"description\":\"Giving spirit to stones\",\"potentialAction\":[{\"@type\":\"SearchAction\",\"target\":{\"@type\":\"EntryPoint\",\"urlTemplate\":\"https:\/\/www.danangsculpture.com.vn\/vi\/?s={search_term_string}\"},\"query-input\":\"required name=search_term_string\"}],\"inLanguage\":\"vi\"},{\"@type\":\"ImageObject\",\"@id\":\"https:\/\/www.danangsculpture.com.vn\/product\/ennatural-green-onyx-decorative-vase-dsf-hslh01vibinh-hoa-co-cao-da-ma-nao-xanh-dsf-hslh01\/#primaryimage\",\"inLanguage\":\"vi\",\"url\":\"https:\/\/www.danangsculpture.com.vn\/wp-content\/uploads\/2021\/06\/1591668516.jpg\",\"contentUrl\":\"https:\/\/www.danangsculpture.com.vn\/wp-content\/uploads\/2021\/06\/1591668516.jpg\",\"width\":450,\"height\":499},{\"@type\":\"WebPage\",\"@id\":\"https:\/\/www.danangsculpture.com.vn\/product\/ennatural-green-onyx-decorative-vase-dsf-hslh01vibinh-hoa-co-cao-da-ma-nao-xanh-dsf-hslh01\/#webpage\",\"url\":\"https:\/\/www.danangsculpture.com.vn\/product\/ennatural-green-onyx-decorative-vase-dsf-hslh01vibinh-hoa-co-cao-da-ma-nao-xanh-dsf-hslh01\/\",\"name\":\"[:en]Natural Green Onyx Decorative Vase DSF-HSLH01[:vi]B\\u00ecnh hoa c\\u1ed5 cao \\u0111\\u00e1 m\\u00e3 n\\u00e3o xanh DSF-HSLH01[:] - Danang Sculpture Foundation\",\"isPartOf\":{\"@id\":\"https:\/\/www.danangsculpture.com.vn\/vi\/#website\"},\"primaryImageOfPage\":{\"@id\":\"https:\/\/www.danangsculpture.com.vn\/product\/ennatural-green-onyx-decorative-vase-dsf-hslh01vibinh-hoa-co-cao-da-ma-nao-xanh-dsf-hslh01\/#primaryimage\"},\"datePublished\":\"2021-06-14T07:07:58+00:00\",\"dateModified\":\"2021-11-12T09:42:07+00:00\",\"breadcrumb\":{\"@id\":\"https:\/\/www.danangsculpture.com.vn\/product\/ennatural-green-onyx-decorative-vase-dsf-hslh01vibinh-hoa-co-cao-da-ma-nao-xanh-dsf-hslh01\/#breadcrumb\"},\"inLanguage\":\"vi\",\"potentialAction\":[{\"@type\":\"ReadAction\",\"target\":[\"https:\/\/www.danangsculpture.com.vn\/product\/ennatural-green-onyx-decorative-vase-dsf-hslh01vibinh-hoa-co-cao-da-ma-nao-xanh-dsf-hslh01\/\"]}]},{\"@type\":\"BreadcrumbList\",\"@id\":\"https:\/\/www.danangsculpture.com.vn\/product\/ennatural-green-onyx-decorative-vase-dsf-hslh01vibinh-hoa-co-cao-da-ma-nao-xanh-dsf-hslh01\/#breadcrumb\",\"itemListElement\":[{\"@type\":\"ListItem\",\"position\":1,\"name\":\"Home\",\"item\":\"https:\/\/www.danangsculpture.com.vn\/vi\/\"},{\"@type\":\"ListItem\",\"position\":2,\"name\":\"Shop\",\"item\":\"https:\/\/www.danangsculpture.com.vn\/vi\/shop\/\"},{\"@type\":\"ListItem\",\"position\":3,\"name\":\"B\\u00ecnh hoa c\\u1ed5 cao \\u0111\\u00e1 m\\u00e3 n\\u00e3o xanh DSF-HSLH01\"}]}]}<\/script>\n<!-- \/ Yoast SEO plugin. -->","_links":{"self":[{"href":"https:\/\/www.danangsculpture.com.vn\/vi\/wp-json\/wp\/v2\/product\/2528","targetHints":{"allow":["GET"]}}],"collection":[{"href":"https:\/\/www.danangsculpture.com.vn\/vi\/wp-json\/wp\/v2\/product"}],"about":[{"href":"https:\/\/www.danangsculpture.com.vn\/vi\/wp-json\/wp\/v2\/types\/product"}],"replies":[{"embeddable":true,"href":"https:\/\/www.danangsculpture.com.vn\/vi\/wp-json\/wp\/v2\/comments?post=2528"}],"wp:featuredmedia":[{"embeddable":true,"href":"https:\/\/www.danangsculpture.com.vn\/vi\/wp-json\/wp\/v2\/media\/2574"}],"wp:attachment":[{"href":"https:\/\/www.danangsculpture.com.vn\/vi\/wp-json\/wp\/v2\/media?parent=2528"}],"wp:term":[{"taxonomy":"product_cat","embeddable":true,"href":"https:\/\/www.danangsculpture.com.vn\/vi\/wp-json\/wp\/v2\/product_cat?post=2528"},{"taxonomy":"product_tag","embeddable":true,"href":"https:\/\/www.danangsculpture.com.vn\/vi\/wp-json\/wp\/v2\/product_tag?post=2528"}],"curies":[{"name":"wp","href":"https:\/\/api.w.org\/{rel}","templated":true}]}}