{"id":2439,"date":"2021-06-14T13:56:58","date_gmt":"2021-06-14T06:56:58","guid":{"rendered":"http:\/\/wordpress.dsp.vn\/?post_type=product&#038;p=2439"},"modified":"2021-06-14T14:02:50","modified_gmt":"2021-06-14T07:02:50","slug":"enbirth-of-brahma-cham-hindu-god-stone-relief-dsf-cp71viphu-dieu-cham-dan-sinh-brahma-bang-da-dsf-cp71","status":"publish","type":"product","link":"https:\/\/www.danangsculpture.com.vn\/vi\/product\/enbirth-of-brahma-cham-hindu-god-stone-relief-dsf-cp71viphu-dieu-cham-dan-sinh-brahma-bang-da-dsf-cp71\/","title":{"rendered":"Ph\u00f9 \u0111i\u00eau Ch\u0103m \u0110\u1ea3n sinh Brahma b\u1eb1ng \u0111\u00e1  DSF-CP71"},"content":{"rendered":"<p>\n\t<span style=\"font-size:14px;\">Ph&ugrave; \u0111i&ecirc;u Ch&agrave;m&nbsp;<\/span><span style=\"font-size: 14px;\">&quot;\u0110\u1ea3n sinh Brahma&quot;<\/span><span style=\"font-size:14px;\">&nbsp;\u0111\u01b0\u1ee3c \u0111i&ecirc;u kh\u1eafc tinh t\u1ebf t\u1eeb \u0111&aacute; sa th\u1ea1ch x&aacute;m t\u1ef1 nhi&ecirc;n, b\u1ec1 m\u1eb7t bu nh&aacute;m v&agrave; m&agrave;i nh\u1eb5n, th&iacute;ch h\u1ee3p trang tr&iacute; n\u1ed9i th\u1ea5t, s&acirc;n v\u01b0\u1eddn nh&agrave; ri&ecirc;ng, v\u0103n ph&ograve;ng, kh&aacute;ch s\u1ea1n, khu ngh\u1ec9 m&aacute;t&#8230;<\/span><\/p>\n<div style=\"text-align: justify;\">\n\t<span style=\"font-size:14px;\">Ph&ugrave; \u0111i&ecirc;u th\u1ec3 hi\u1ec7n m\u1ed9t ch\u1ee7 \u0111\u1ec1 quen thu\u1ed9c trong th\u1ea7n tho\u1ea1i \u1ea4n \u0110\u1ed9, \u0111&oacute; l&agrave; c\u1ea3nh th\u1ea7n Vishnu sinh ra th\u1ea7n Brahma t\u1eeb cu\u1ed1ng r\u1ed1n c\u1ee7a m&igrave;nh. Th\u1ea7n Vishnu n\u1eb1m tr&ecirc;n bi\u1ec3n v\u0169 tr\u1ee5, \u0111\u01b0\u1ee3c n&acirc;ng \u0111\u1ee1 b\u1edfi r\u1eafn th\u1ea7n Shesha 7 \u0111\u1ea7u, tay ph\u1ea3i \u0111\u1ee1 d\u01b0\u1edbi \u0111\u1ea7u, tay tr&aacute;i gi\u1eef ch\u1eb7t cu\u1ed1ng sen m\u1ecdc ra t\u1eeb r\u1ed1n. Tr&ecirc;n \u0111&agrave;i sen \u1edf \u0111\u1ec9nh b\u1ee9c ph&ugrave; \u0111i&ecirc;u l&agrave; h&igrave;nh \u1ea3nh th\u1ea7n Brahma ng\u1ed3i ch\u1ec5m ch\u1ec7. Th\u1ea7n Brahma c&oacute; b\u1ed1n \u0111\u1ea7u nh&igrave;n v\u1ec1 b\u1ed1n h\u01b0\u1edbng, \u0111\u1ea7u quay v\u1ec1 ph&iacute;a sau kh&ocirc;ng th\u1ec3 hi\u1ec7n \u0111\u01b0\u1ee3c tr&ecirc;n ph&ugrave; \u0111i&ecirc;u. \u1ede ph&iacute;a ch&acirc;n th\u1ea7n Vishnu l&agrave; h&igrave;nh \u1ea3nh m\u1ed9t v\u1ecb \u0111\u1ea1o s\u0129 \u0111ang ch&uacute;c ph&uacute;c cho cu\u1ed9c \u0111\u1ea3n sinh. Hai \u0111\u1ea7u c\u1ee7a b\u1ee9c ph&ugrave; \u0111i&ecirc;u l&agrave; hai chim th\u1ea7n Garu\u0111a c&oacute; th&acirc;n h&igrave;nh ng\u01b0\u1eddi, hai tay c\u1ea7m hay con r\u1eafn nh\u01b0 \u0111ang th&agrave;nh k&iacute;nh canh gi\u1eef cho cu\u1ed9c \u0111\u1ea3n sinh. Tr&ecirc;n \u0111\u01b0\u1eddng vi\u1ec1n c\u1ee7a b\u1ee9c ph&ugrave; \u0111i&ecirc;u \u0111\u01b0\u1ee3c ch\u1ea1m kh\u1eafc h&igrave;nh b&ocirc;ng hoa 4 c&aacute;nh \u0111\u01a1n gi\u1ea3n theo m&ocirc; t&iacute;p gi\u1ed1ng nh\u01b0 c&aacute;c c&aacute;nh hoa trang tr&iacute;.<\/span><\/div>\n<p style=\"text-align: justify;\">\n\t<span style=\"font-size:14px;\">M\u1eddi qu&yacute; kh&aacute;ch gh&eacute; xem b\u1ed9 s\u01b0u t\u1eadp \u0111a d\u1ea1ng c&aacute;c lo\u1ea1i&nbsp;t\u01b0\u1ee3ng \u0111i&ecirc;u kh\u1eafc ngh\u1ec7 thu\u1eadt Ch&agrave;m&nbsp;b\u1eb1ng \u0111&aacute; t\u1ef1 nhi&ecirc;n c\u1ee7a Qu\u1ef9 \u0110i&ecirc;u kh\u1eafc \u0110&agrave; N\u1eb5ng t\u1ea1i&nbsp;<u style=\"font-size: 14px;\"><strong><a href=\"http:\/\/danangsculpture.com\/vn\/product-cat\/14-tuong-cham\/\"><span style=\"color:#ff8c00;\">DanangSculpture.com<\/span><\/a><a href=\"http:\/\/danangsculpture.com\/vn\/product-cat\/20-ban-ghe\/\"><span style=\"color:#ff8c00;\">.<\/span><\/a><\/strong><\/u><\/span><\/p>\n<table border=\"1\" cellpadding=\"0\" cellspacing=\"0\" style=\"width: 100%\" width=\"896\">\n<tbody>\n<tr>\n<td style=\"width:273px;\">\n<p>\n\t\t\t\t\t<span style=\"font-size:14px;\">1. K&iacute;ch th\u01b0\u1edbc:<\/span><\/p>\n<\/td>\n<td style=\"width:623px;\">\n<p>\n\t\t\t\t\t<span style=\"font-size:14px;\">T\u1eeb 180cm tr\u1edf l&ecirc;n theo y&ecirc;u c\u1ea7u ri&ecirc;ng c\u1ee7a qu&yacute; kh&aacute;ch<\/span><\/p>\n<\/td>\n<\/tr>\n<tr>\n<td style=\"width:273px;\">\n<p>\n\t\t\t\t\t<span style=\"font-size:14px;\">2. Nguy&ecirc;n v\u1eadt li\u1ec7u:<\/span><\/p>\n<\/td>\n<td style=\"width:623px;\">\n<p>\n\t\t\t\t\t<span style=\"font-size:14px;\">\u0110&aacute; sa th\u1ea1ch ho\u1eb7c c\u1ea9m th\u1ea1ch t\u1ef1 nhi&ecirc;n<\/span><\/p>\n<\/td>\n<\/tr>\n<tr>\n<td style=\"width:273px;\">\n<p>\n\t\t\t\t\t<span style=\"font-size:14px;\">3. M&agrave;u s\u1eafc:<\/span><\/p>\n<\/td>\n<td style=\"width:623px;\">\n<p>\n\t\t\t\t\t<span style=\"font-size:14px;\">X&aacute;m\/Tr\u1eafng\/\u0110en\/V&agrave;ng\/\u0110\u1ecf<\/span><\/p>\n<\/td>\n<\/tr>\n<tr>\n<td style=\"width:273px;\">\n<p>\n\t\t\t\t\t<span style=\"font-size:14px;\">4. K\u1ef9 thu\u1eadt:<\/span><\/p>\n<\/td>\n<td style=\"width:623px;\">\n<p>\n\t\t\t\t\t<span style=\"font-size:14px;\">\u0110i&ecirc;u kh\u1eafc b\u1eb1ng tay, b\u1ec1 m\u1eb7t bu nh&aacute;m ho\u1eb7c m&agrave;i nh\u1eb5n<\/span><\/p>\n<\/td>\n<\/tr>\n<tr>\n<td style=\"width:273px;\">\n<p>\n\t\t\t\t\t<span style=\"font-size:14px;\">5. C&aacute;ch s\u1eed d\u1ee5ng:<\/span><\/p>\n<\/td>\n<td style=\"width:623px;\">\n<p>\n\t\t\t\t\t<span style=\"font-size:14px;\">Trang tr&iacute; n\u1ed9i th\u1ea5t, ngo\u1ea1i th\u1ea5t, s&acirc;n v\u01b0\u1eddn cho nh&agrave; ri&ecirc;ng, v\u0103n ph&ograve;ng, kh&aacute;ch s\u1ea1n, nh&agrave; h&agrave;ng&#8230;<\/span><\/p>\n<\/td>\n<\/tr>\n<tr>\n<td style=\"width:273px;\">\n<p>\n\t\t\t\t\t<span style=\"font-size:14px;\">6. \u0110i\u1ec1u kho\u1ea3n mua b&aacute;n:<\/span><\/p>\n<\/td>\n<td style=\"width:623px;\">\n<p>\n\t\t\t\t\t<span style=\"font-size:14px;\">EXW, FOB, CFR, CIF, CPT, CIP t&ugrave;y theo y&ecirc;u c\u1ea7u ri&ecirc;ng c\u1ee7a b\u1ea1n&nbsp;<\/span><\/p>\n<\/td>\n<\/tr>\n<tr>\n<td style=\"width:273px;\">\n<p>\n\t\t\t\t\t<span style=\"font-size:14px;\">7. Ph\u01b0\u01a1ng th\u1ee9c thanh to&aacute;n: &nbsp;&nbsp;<\/span><\/p>\n<\/td>\n<td style=\"width:623px;\">\n<p>\n\t\t\t\t\t<span style=\"font-size:14px;\">Chuy\u1ec3n kho\u1ea3n, th\u1ebb t&iacute;n d\u1ee5ng trong n\u01b0\u1edbc v&agrave; qu\u1ed1c t\u1ebf, Western Union ho\u1eb7c L\/C&nbsp;tr\u1ea3 ngay<\/span><\/p>\n<\/td>\n<\/tr>\n<tr>\n<td style=\"width:273px;\">\n<p>\n\t\t\t\t\t<span style=\"font-size:14px;\">8. \u0110&oacute;ng g&oacute;i:<\/span><\/p>\n<\/td>\n<td style=\"width:623px;\">\n<p>\n\t\t\t\t\t<span style=\"font-size:14px;\">\u0110&oacute;ng trong ki\u1ec7n g\u1ed7 ch\u1eafc ch\u1eafn (c&oacute; ch&egrave;n carton, n&ecirc;m g\u1ed7 ho\u1eb7c x\u1ed1p b&ecirc;n trong) \u0111\u1ed1i v\u1edbi v\u1eadn chuy\u1ec3n \u0111\u01b0\u1eddng bi\u1ec3n ho\u1eb7c \u0111\u01b0\u1eddng b\u1ed9 v&agrave; trong th&ugrave;ng x\u1ed1p \u0111\u1eb7c \u0111\u1ed1i v\u1edbi v\u1eadn chuy\u1ec3n h&agrave;ng kh&ocirc;ng<\/span><\/p>\n<\/td>\n<\/tr>\n<tr>\n<td style=\"width:273px;\">\n<p>\n\t\t\t\t\t<span style=\"font-size:14px;\">9. Th\u1eddi h\u1ea1n giao h&agrave;ng:<\/span><\/p>\n<\/td>\n<td style=\"width:623px;\">\n<p>\n\t\t\t\t\t<span style=\"font-size:14px;\">30 &#8211; 40 ng&agrave;y sau khi nh\u1eadn \u0111\u01b0\u1ee3c ti\u1ec1n \u0111\u1eb7t c\u1ecdc t&ugrave;y theo t\u1eebng \u0111\u01a1n h&agrave;ng c\u1ee5 th\u1ec3<\/span><\/p>\n<\/td>\n<\/tr>\n<\/tbody>\n<\/table>\n<p>\n\t&nbsp;<\/p>\n","protected":false},"excerpt":{"rendered":"<p>Ph\u00f9 \u0111i\u00eau  Ch\u00e0m &#8220;\u0110\u1ea3n sinh Th\u1ea7n Brahma&#8221; \u0111\u01b0\u1ee3c \u0111i\u00eau kh\u1eafc tinh t\u1ebf t\u1eeb \u0111\u00e1 sa th\u1ea1ch x\u00e1m t\u1ef1 nhi\u00ean, b\u1ec1 m\u1eb7t bu nh\u00e1m v\u00e0 m\u00e0i nh\u1eb5n, th\u00edch h\u1ee3p trang tr\u00ed n\u1ed9i th\u1ea5t, s\u00e2n v\u01b0\u1eddn nh\u00e0 ri\u00eang, v\u0103n ph\u00f2ng, kh\u00e1ch s\u1ea1n, khu ngh\u1ec9 m\u00e1t&#8230; M\u1eddi qu\u00fd kh\u00e1ch gh\u00e9 DanangSculpture.com<\/p>\n","protected":false},"featured_media":2488,"comment_status":"open","ping_status":"closed","template":"","meta":[],"product_cat":[119],"product_tag":[],"class_list":["post-2439","product","type-product","status-publish","has-post-thumbnail","hentry","product_cat-champa-and-hindu-statues"],"yoast_head":"<!-- This site is optimized with the Yoast SEO plugin v16.6.1 - https:\/\/yoast.com\/wordpress\/plugins\/seo\/ -->\n<title>Ph\u00f9 \u0111i\u00eau Ch\u0103m \u0110\u1ea3n sinh Brahma b\u1eb1ng \u0111\u00e1 DSF-CP71 - Danang Sculpture Foundation<\/title>\n<meta name=\"robots\" content=\"index, follow, max-snippet:-1, max-image-preview:large, max-video-preview:-1\" \/>\n<link rel=\"canonical\" href=\"https:\/\/www.danangsculpture.com.vn\/product\/enbirth-of-brahma-cham-hindu-god-stone-relief-dsf-cp71viphu-dieu-cham-dan-sinh-brahma-bang-da-dsf-cp71\/\" \/>\n<meta property=\"og:locale\" content=\"vi_VN\" \/>\n<meta property=\"og:type\" content=\"article\" \/>\n<meta property=\"og:title\" content=\"Ph\u00f9 \u0111i\u00eau Ch\u0103m \u0110\u1ea3n sinh Brahma b\u1eb1ng \u0111\u00e1 DSF-CP71\" \/>\n<meta property=\"og:description\" content=\"Ph\u00f9 \u0111i\u00eau Ch\u00e0m &quot;\u0110\u1ea3n sinh Th\u1ea7n Brahma&quot; \u0111\u01b0\u1ee3c \u0111i\u00eau kh\u1eafc tinh t\u1ebf t\u1eeb \u0111\u00e1 sa th\u1ea1ch x\u00e1m t\u1ef1 nhi\u00ean, b\u1ec1 m\u1eb7t bu nh\u00e1m v\u00e0 m\u00e0i nh\u1eb5n, th\u00edch h\u1ee3p trang tr\u00ed n\u1ed9i th\u1ea5t, s\u00e2n v\u01b0\u1eddn nh\u00e0 ri\u00eang, v\u0103n ph\u00f2ng, kh\u00e1ch s\u1ea1n, khu ngh\u1ec9 m\u00e1t... M\u1eddi qu\u00fd kh\u00e1ch gh\u00e9 DanangSculpture.com\" \/>\n<meta property=\"og:url\" content=\"https:\/\/www.danangsculpture.com.vn\/product\/enbirth-of-brahma-cham-hindu-god-stone-relief-dsf-cp71viphu-dieu-cham-dan-sinh-brahma-bang-da-dsf-cp71\/\" \/>\n<meta property=\"og:site_name\" content=\"Danang Sculpture Foundation\" \/>\n<meta property=\"article:modified_time\" content=\"2021-06-14T07:02:50+00:00\" \/>\n<meta property=\"og:image\" content=\"http:\/\/danangsculpture.com.vn\/wp-content\/uploads\/2021\/06\/1505295748.jpg\" \/>\n\t<meta property=\"og:image:width\" content=\"450\" \/>\n\t<meta property=\"og:image:height\" content=\"600\" \/>\n<meta name=\"twitter:card\" content=\"summary_large_image\" \/>\n<meta name=\"twitter:label1\" content=\"\u01af\u1edbc t\u00ednh th\u1eddi gian \u0111\u1ecdc\" \/>\n\t<meta name=\"twitter:data1\" content=\"13 ph\u00fat\" \/>\n<script type=\"application\/ld+json\" class=\"yoast-schema-graph\">{\"@context\":\"https:\/\/schema.org\",\"@graph\":[{\"@type\":\"WebSite\",\"@id\":\"https:\/\/www.danangsculpture.com.vn\/vi\/#website\",\"url\":\"https:\/\/www.danangsculpture.com.vn\/vi\/\",\"name\":\"Danang Sculpture Foundation\",\"description\":\"Giving spirit to stones\",\"potentialAction\":[{\"@type\":\"SearchAction\",\"target\":{\"@type\":\"EntryPoint\",\"urlTemplate\":\"https:\/\/www.danangsculpture.com.vn\/vi\/?s={search_term_string}\"},\"query-input\":\"required name=search_term_string\"}],\"inLanguage\":\"vi\"},{\"@type\":\"ImageObject\",\"@id\":\"https:\/\/www.danangsculpture.com.vn\/product\/enbirth-of-brahma-cham-hindu-god-stone-relief-dsf-cp71viphu-dieu-cham-dan-sinh-brahma-bang-da-dsf-cp71\/#primaryimage\",\"inLanguage\":\"vi\",\"url\":\"https:\/\/www.danangsculpture.com.vn\/wp-content\/uploads\/2021\/06\/1505295748.jpg\",\"contentUrl\":\"https:\/\/www.danangsculpture.com.vn\/wp-content\/uploads\/2021\/06\/1505295748.jpg\",\"width\":450,\"height\":600},{\"@type\":\"WebPage\",\"@id\":\"https:\/\/www.danangsculpture.com.vn\/product\/enbirth-of-brahma-cham-hindu-god-stone-relief-dsf-cp71viphu-dieu-cham-dan-sinh-brahma-bang-da-dsf-cp71\/#webpage\",\"url\":\"https:\/\/www.danangsculpture.com.vn\/product\/enbirth-of-brahma-cham-hindu-god-stone-relief-dsf-cp71viphu-dieu-cham-dan-sinh-brahma-bang-da-dsf-cp71\/\",\"name\":\"[:en]Birth of Brahma Cham Hindu God Stone Relief DSF-CP71[:vi]Ph\\u00f9 \\u0111i\\u00eau Ch\\u0103m \\u0110\\u1ea3n sinh Brahma b\\u1eb1ng \\u0111\\u00e1 DSF-CP71[:] - Danang Sculpture Foundation\",\"isPartOf\":{\"@id\":\"https:\/\/www.danangsculpture.com.vn\/vi\/#website\"},\"primaryImageOfPage\":{\"@id\":\"https:\/\/www.danangsculpture.com.vn\/product\/enbirth-of-brahma-cham-hindu-god-stone-relief-dsf-cp71viphu-dieu-cham-dan-sinh-brahma-bang-da-dsf-cp71\/#primaryimage\"},\"datePublished\":\"2021-06-14T06:56:58+00:00\",\"dateModified\":\"2021-06-14T07:02:50+00:00\",\"breadcrumb\":{\"@id\":\"https:\/\/www.danangsculpture.com.vn\/product\/enbirth-of-brahma-cham-hindu-god-stone-relief-dsf-cp71viphu-dieu-cham-dan-sinh-brahma-bang-da-dsf-cp71\/#breadcrumb\"},\"inLanguage\":\"vi\",\"potentialAction\":[{\"@type\":\"ReadAction\",\"target\":[\"https:\/\/www.danangsculpture.com.vn\/product\/enbirth-of-brahma-cham-hindu-god-stone-relief-dsf-cp71viphu-dieu-cham-dan-sinh-brahma-bang-da-dsf-cp71\/\"]}]},{\"@type\":\"BreadcrumbList\",\"@id\":\"https:\/\/www.danangsculpture.com.vn\/product\/enbirth-of-brahma-cham-hindu-god-stone-relief-dsf-cp71viphu-dieu-cham-dan-sinh-brahma-bang-da-dsf-cp71\/#breadcrumb\",\"itemListElement\":[{\"@type\":\"ListItem\",\"position\":1,\"name\":\"Home\",\"item\":\"https:\/\/www.danangsculpture.com.vn\/vi\/\"},{\"@type\":\"ListItem\",\"position\":2,\"name\":\"Shop\",\"item\":\"https:\/\/www.danangsculpture.com.vn\/vi\/shop\/\"},{\"@type\":\"ListItem\",\"position\":3,\"name\":\"Birth of Brahma Cham Hindu God Stone Relief DSF-CP71\"}]}]}<\/script>\n<!-- \/ Yoast SEO plugin. -->","_links":{"self":[{"href":"https:\/\/www.danangsculpture.com.vn\/vi\/wp-json\/wp\/v2\/product\/2439","targetHints":{"allow":["GET"]}}],"collection":[{"href":"https:\/\/www.danangsculpture.com.vn\/vi\/wp-json\/wp\/v2\/product"}],"about":[{"href":"https:\/\/www.danangsculpture.com.vn\/vi\/wp-json\/wp\/v2\/types\/product"}],"replies":[{"embeddable":true,"href":"https:\/\/www.danangsculpture.com.vn\/vi\/wp-json\/wp\/v2\/comments?post=2439"}],"wp:featuredmedia":[{"embeddable":true,"href":"https:\/\/www.danangsculpture.com.vn\/vi\/wp-json\/wp\/v2\/media\/2488"}],"wp:attachment":[{"href":"https:\/\/www.danangsculpture.com.vn\/vi\/wp-json\/wp\/v2\/media?parent=2439"}],"wp:term":[{"taxonomy":"product_cat","embeddable":true,"href":"https:\/\/www.danangsculpture.com.vn\/vi\/wp-json\/wp\/v2\/product_cat?post=2439"},{"taxonomy":"product_tag","embeddable":true,"href":"https:\/\/www.danangsculpture.com.vn\/vi\/wp-json\/wp\/v2\/product_tag?post=2439"}],"curies":[{"name":"wp","href":"https:\/\/api.w.org\/{rel}","templated":true}]}}