{"id":2249,"date":"2021-06-14T13:34:20","date_gmt":"2021-06-14T06:34:20","guid":{"rendered":"http:\/\/wordpress.dsp.vn\/?post_type=product&#038;p=2249"},"modified":"2021-06-14T13:41:00","modified_gmt":"2021-06-14T06:41:00","slug":"enseated-cupid-by-falconet-stone-statue-dsf-eb29vituong-than-tinh-yeu-ngoi-cua-falconet-bang-da-dsf-eb29","status":"publish","type":"product","link":"https:\/\/www.danangsculpture.com.vn\/vi\/product\/enseated-cupid-by-falconet-stone-statue-dsf-eb29vituong-than-tinh-yeu-ngoi-cua-falconet-bang-da-dsf-eb29\/","title":{"rendered":"T\u01b0\u1ee3ng th\u1ea7n t\u00ecnh y\u00eau ng\u1ed3i c\u1ee7a Falconet b\u1eb1ng \u0111\u00e1 DSF-EB29"},"content":{"rendered":"<p style=\"text-align: justify;\">\n\t<span style=\"font-size:14px;\">B\u1ea3n sao T\u01b0\u1ee3ng th\u1ea7n t&igrave;nh y&ecirc;u ng\u1ed3i c\u1ee7a nh&agrave; \u0111i&ecirc;u kh\u1eafc ng\u01b0\u1eddi Ph&aacute;p n\u1ed5i ti\u1ebfng&nbsp;<\/span><span style=\"font-family: Arial, sans-serif; font-size: 10.5pt;\">Etienne-Maurice Falconet th\u1ec3 hi\u1ec7n th\u1ea7n t&igrave;nh y&ecirc;u&nbsp;<\/span><span style=\"font-size: 14px;\">b&eacute; nh\u1ecf&nbsp;<\/span><span style=\"font-size: 14px;\">tinh ngh\u1ecbch \u0111ang t&igrave;m ki\u1ebfm m\u0169i t&ecirc;n c\u1ee7a m&igrave;nh. T\u01b0\u1ee3ng&nbsp;<\/span><span style=\"font-size: 14px;\">\u0111\u01b0\u1ee3c \u0111i&ecirc;u kh\u1eafc tinh t\u1ebf theo phong c&aacute;ch c\u1ed5 \u0111i\u1ec3n t\u1eeb \u0111&aacute; c\u1ea9m th\u1ea1ch tr\u1eafng t\u1ef1 nhi&ecirc;n. \u0110&acirc;y l&agrave; \u0111i\u1ec3m nh\u1ea5n ngh\u1ec7 thu\u1eadt \u0111\u1ed9c \u0111&aacute;o cho kh&ocirc;ng gian ki\u1ebfn tr&uacute;c c\u1ee7a b\u1ea1n, c&oacute; th\u1ec3 trang tr&iacute; trong nh&agrave; ho\u1eb7c ngo&agrave;i s&acirc;n v\u01b0\u1eddn.<\/span><\/p>\n<p style=\"text-align: justify;\">\n\t<span style=\"font-size:14px;\"><span style=\"font-family: Arial, sans-serif;\">V\u1edbi ng&oacute;n tay thi&ecirc;n th\u1ea7n nh\u1ecf x&iacute;u tr&ecirc;n m&ocirc;i, th\u1ea7n t&igrave;nh y&ecirc;u y&ecirc;u c\u1ea7u&nbsp;<\/span><\/span><span style=\"font-family: Arial, sans-serif; font-size: 14px;\">thi&ecirc;n s\u1ee9&nbsp;<\/span><span style=\"font-family: Arial, sans-serif; font-size: 14px;\">&nbsp;tuy\u1ec7t \u0111\u1ed1i&nbsp;<\/span><span style=\"font-family: Arial, sans-serif; font-size: 14px;\">im l\u1eb7ng \u0111\u1ec3&nbsp;<\/span><span style=\"font-family: Arial, sans-serif; font-size: 14px;\">t&igrave;m ki\u1ebfm m\u0169i t&ecirc;n t&igrave;nh y&ecirc;u c\u1ee7a m&igrave;nh.&nbsp;<\/span><\/p>\n<p style=\"text-align: justify;\">\n\t<span style=\"font-size:14px;\"><span style=\"font-family: Arial, sans-serif;\">B\u1ea3n g\u1ed1c t\u01b0\u1ee3ng Th\u1ea7n t&igrave;nh y&ecirc;u ng\u1ed3i (&#39;Amour mena&ccedil;ant&#39;)<\/span>&nbsp;\u0111\u01b0\u1ee3c s&aacute;ng t&aacute;c b\u1edfi Etienne-Maurice Falconet (1716-1791) v&agrave; \u0111ang \u0111\u01b0\u1ee3c tr\u01b0ng b&agrave;y t\u1ea1i B\u1ea3o t&agrave;ng Louvre, Pari.&nbsp;<\/span><o:p><\/o:p><\/p>\n<table border=\"1\" cellpadding=\"0\" cellspacing=\"0\" style=\"width: 100%\" width=\"784\">\n<tbody>\n<tr>\n<td style=\"width: 161px;\">\n<p>\n\t\t\t\t\t<span style=\"font-size:14px;\">1. K&iacute;ch th\u01b0\u1edbc:<\/span><\/p>\n<\/td>\n<td style=\"width: 624px;\">\n<p>\n\t\t\t\t\t<span style=\"font-size:14px;\">T\u1eeb 65cm tr\u1edf l&ecirc;n theo y&ecirc;u c\u1ea7u ri&ecirc;ng c\u1ee7a b\u1ea1n<\/span><\/p>\n<\/td>\n<\/tr>\n<tr>\n<td style=\"width: 161px;\">\n<p>\n\t\t\t\t\t<span style=\"font-size:14px;\">2. Nguy&ecirc;n v\u1eadt li\u1ec7u:<\/span><\/p>\n<\/td>\n<td style=\"width: 624px;\">\n<p>\n\t\t\t\t\t<span style=\"font-size:14px;\">\u0110&aacute; c\u1ea9m th\u1ea1ch, sa th\u1ea1ch ho\u1eb7c \u0111&aacute; granite t\u1ef1 nhi&ecirc;n&nbsp;<\/span><\/p>\n<\/td>\n<\/tr>\n<tr>\n<td style=\"width: 161px;\">\n<p>\n\t\t\t\t\t<span style=\"font-size:14px;\">3. M&agrave;u s\u1eafc:<\/span><\/p>\n<\/td>\n<td style=\"width: 624px;\">\n<p>\n\t\t\t\t\t<span style=\"font-size:14px;\">Tr\u1eafng\/V&agrave;ng\/\u0110en\/X&aacute;m\/H\u1ed3ng\/\u0110\u1ecf&hellip; theo y&ecirc;u c\u1ea7u ri&ecirc;ng c\u1ee7a b\u1ea1n&nbsp;<\/span><\/p>\n<\/td>\n<\/tr>\n<tr>\n<td style=\"width: 161px;\">\n<p>\n\t\t\t\t\t<span style=\"font-size:14px;\">4. K\u1ef9 thu\u1eadt:<\/span><\/p>\n<\/td>\n<td style=\"width: 624px;\">\n<p>\n\t\t\t\t\t<span style=\"font-size:14px;\">\u0110i&ecirc;u kh\u1eafc b\u1eb1ng tay, b\u1ec1 m\u1eb7t trong \u0111&aacute;nh b&oacute;ng, b\u1ec1 m\u1eb7t ngo&agrave;i \u0111&aacute;nh b&oacute;ng ho\u1eb7c m&agrave;i nh\u1eb5n ho\u1eb7c bu nh&aacute;m<\/span><\/p>\n<\/td>\n<\/tr>\n<tr>\n<td style=\"width: 161px;\">\n<p>\n\t\t\t\t\t<span style=\"font-size:14px;\">5. Phong c&aacute;ch:<\/span><\/p>\n<\/td>\n<td style=\"width: 624px;\">\n<p>\n\t\t\t\t\t<span style=\"font-size:14px;\">C\u1ed5 \u0111i\u1ec3n ho\u1eb7c hi\u1ec7n \u0111\u1ea1i, ph\u01b0\u01a1ng \u0110&ocirc;ng ho\u1eb7c ph\u01b0\u01a1ng T&acirc;y t&ugrave;y theo y&ecirc;u c\u1ea7u ri&ecirc;ng c\u1ee7a b\u1ea1n&nbsp;<\/span><\/p>\n<\/td>\n<\/tr>\n<tr>\n<td style=\"width: 161px;\">\n<p>\n\t\t\t\t\t<span style=\"font-size:14px;\">6. C&aacute;ch s\u1eed d\u1ee5ng:<\/span><\/p>\n<\/td>\n<td style=\"width: 624px;\">\n<p>\n\t\t\t\t\t<span style=\"font-size:14px;\">Trang tr&iacute; n\u1ed9i th\u1ea5t ho\u1eb7c s&acirc;n v\u01b0\u1eddn nh&agrave; ri&ecirc;ng, bi\u1ec7t th\u1ef1, kh&aacute;ch s\u1ea1n, khu ngh\u1ec9 m&aacute;t&#8230;<\/span><\/p>\n<\/td>\n<\/tr>\n<tr>\n<td style=\"width: 161px;\">\n<p>\n\t\t\t\t\t<span style=\"font-size:14px;\">7. \u0110i\u1ec1u kho\u1ea3n mua b&aacute;n:<\/span><\/p>\n<\/td>\n<td style=\"width: 624px;\">\n<p>\n\t\t\t\t\t<span style=\"font-size:14px;\">EXW, FOB, CFR, CIF, CPT, CIP t&ugrave;y theo y&ecirc;u c\u1ea7u ri&ecirc;ng c\u1ee7a b\u1ea1n&nbsp;<\/span><\/p>\n<\/td>\n<\/tr>\n<tr>\n<td style=\"width: 161px;\">\n<p>\n\t\t\t\t\t<span style=\"font-size:14px;\">8. Ph\u01b0\u01a1ng th\u1ee9c thanh to&aacute;n: &nbsp;&nbsp;<\/span><\/p>\n<\/td>\n<td style=\"width: 624px;\">\n<p>\n\t\t\t\t\t<span style=\"font-size:14px;\">Chuy\u1ec3n kho\u1ea3n, th\u1ebb t&iacute;n d\u1ee5ng trong n\u01b0\u1edbc v&agrave; qu\u1ed1c t\u1ebf, Western Union ho\u1eb7c L\/C&nbsp;tr\u1ea3 ngay<\/span><\/p>\n<\/td>\n<\/tr>\n<tr>\n<td style=\"width: 161px;\">\n<p>\n\t\t\t\t\t<span style=\"font-size:14px;\">9. \u0110&oacute;ng g&oacute;i:<\/span><\/p>\n<\/td>\n<td style=\"width: 624px;\">\n<p>\n\t\t\t\t\t<span style=\"font-size:14px;\">\u0110&oacute;ng trong ki\u1ec7n g\u1ed7 ch\u1eafc ch\u1eafn (c&oacute; ch&egrave;n carton, n&ecirc;m g\u1ed7 ho\u1eb7c x\u1ed1p b&ecirc;n trong) \u0111\u1ed1i v\u1edbi v\u1eadn chuy\u1ec3n \u0111\u01b0\u1eddng bi\u1ec3n ho\u1eb7c \u0111\u01b0\u1eddng b\u1ed9 v&agrave; trong th&ugrave;ng x\u1ed1p \u0111\u1eb7c \u0111\u1ed1i v\u1edbi v\u1eadn chuy\u1ec3n h&agrave;ng kh&ocirc;ng<\/span><\/p>\n<\/td>\n<\/tr>\n<tr>\n<td style=\"width: 161px;\">\n<p>\n\t\t\t\t\t<span style=\"font-size:14px;\">10. Th\u1eddi h\u1ea1n giao h&agrave;ng:<\/span><\/p>\n<\/td>\n<td style=\"width: 624px;\">\n<p>\n\t\t\t\t\t<span style=\"font-size:14px;\">20-30 ng&agrave;y sau khi nh\u1eadn \u0111\u01b0\u1ee3c ti\u1ec1n \u0111\u1eb7t c\u1ecdc t&ugrave;y theo t\u1eebng \u0111\u01a1n h&agrave;ng c\u1ee5 th\u1ec3<\/span><\/p>\n<div>\n\t\t\t\t\t&nbsp;<\/div>\n<\/td>\n<\/tr>\n<\/tbody>\n<\/table>\n<p>\n\t<span style=\"font-size: 14px; text-align: justify;\">M\u1eddi qu&yacute; kh&aacute;ch gh&eacute; xem b\u1ed9 s\u01b0u t\u1eadp \u0111a d\u1ea1ng c&aacute;c lo\u1ea1i&nbsp;<\/span><span style=\"font-size: 14px; text-align: justify;\">t\u01b0\u1ee3ng em b&eacute;, t\u01b0\u1ee3ng tr\u1ebb em, t\u01b0\u1ee3ng em b&eacute; thi&ecirc;n th\u1ea7n&nbsp;b\u1eb1ng \u0111&aacute; t\u1ef1 nhi&ecirc;n c\u1ee7a Qu\u1ef9 \u0110i&ecirc;u kh\u1eafc \u0110&agrave; N\u1eb5ng t\u1ea1i&nbsp;<\/span><a href=\"http:\/\/danangsculpture.com\/vn\/product-cat\/48-tuong-em-be\/\" style=\"font-size: 14px; text-align: justify;\"><u><strong><span style=\"color: rgb(255, 140, 0);\">DanangSculpture.com<\/span><\/strong><\/u><\/a><a href=\"http:\/\/danangsculpture.com\/vn\/product-cat\/48-tuong-em-be\/\" style=\"font-size: 14px; text-align: justify;\"><u><strong><span style=\"color: rgb(255, 140, 0);\">.<\/span><\/strong><\/u><\/a><\/p>\n","protected":false},"excerpt":{"rendered":"<p>B\u1ea3n sao T\u01b0\u1ee3ng th\u1ea7n t\u00ecnh y\u00eau ng\u1ed3i c\u1ee7a nh\u00e0 \u0111i\u00eau kh\u1eafc ng\u01b0\u1eddi Ph\u00e1p n\u1ed5i ti\u1ebfng Etienne-Maurice Falconet th\u1ec3 hi\u1ec7n th\u1ea7n t\u00ecnh y\u00eau b\u00e9 nh\u1ecf tinh ngh\u1ecbch \u0111ang t\u00ecm ki\u1ebfm m\u0169i t\u00ean c\u1ee7a m\u00ecnh. T\u01b0\u1ee3ng \u0111\u01b0\u1ee3c \u0111i\u00eau kh\u1eafc tinh t\u1ebf theo phong c\u00e1ch c\u1ed5 \u0111i\u1ec3n t\u1eeb \u0111\u00e1 c\u1ea9m th\u1ea1ch tr\u1eafng t\u1ef1 nhi\u00ean.<\/p>\n","protected":false},"featured_media":2296,"comment_status":"open","ping_status":"closed","template":"","meta":[],"product_cat":[127],"product_tag":[],"class_list":["post-2249","product","type-product","status-publish","has-post-thumbnail","hentry","product_cat-baby-and-kid-statues"],"yoast_head":"<!-- This site is optimized with the Yoast SEO plugin v16.6.1 - https:\/\/yoast.com\/wordpress\/plugins\/seo\/ -->\n<title>T\u01b0\u1ee3ng th\u1ea7n t\u00ecnh y\u00eau ng\u1ed3i c\u1ee7a Falconet b\u1eb1ng \u0111\u00e1 DSF-EB29 - Danang Sculpture Foundation<\/title>\n<meta name=\"robots\" content=\"index, follow, max-snippet:-1, max-image-preview:large, max-video-preview:-1\" \/>\n<link rel=\"canonical\" href=\"https:\/\/www.danangsculpture.com.vn\/product\/enseated-cupid-by-falconet-stone-statue-dsf-eb29vituong-than-tinh-yeu-ngoi-cua-falconet-bang-da-dsf-eb29\/\" \/>\n<meta property=\"og:locale\" content=\"vi_VN\" \/>\n<meta property=\"og:type\" content=\"article\" \/>\n<meta property=\"og:title\" content=\"T\u01b0\u1ee3ng th\u1ea7n t\u00ecnh y\u00eau ng\u1ed3i c\u1ee7a Falconet b\u1eb1ng \u0111\u00e1 DSF-EB29\" \/>\n<meta property=\"og:description\" content=\"B\u1ea3n sao T\u01b0\u1ee3ng th\u1ea7n t\u00ecnh y\u00eau ng\u1ed3i c\u1ee7a nh\u00e0 \u0111i\u00eau kh\u1eafc ng\u01b0\u1eddi Ph\u00e1p n\u1ed5i ti\u1ebfng Etienne-Maurice Falconet th\u1ec3 hi\u1ec7n th\u1ea7n t\u00ecnh y\u00eau b\u00e9 nh\u1ecf tinh ngh\u1ecbch \u0111ang t\u00ecm ki\u1ebfm m\u0169i t\u00ean c\u1ee7a m\u00ecnh. T\u01b0\u1ee3ng \u0111\u01b0\u1ee3c \u0111i\u00eau kh\u1eafc tinh t\u1ebf theo phong c\u00e1ch c\u1ed5 \u0111i\u1ec3n t\u1eeb \u0111\u00e1 c\u1ea9m th\u1ea1ch tr\u1eafng t\u1ef1 nhi\u00ean.\" \/>\n<meta property=\"og:url\" content=\"https:\/\/www.danangsculpture.com.vn\/product\/enseated-cupid-by-falconet-stone-statue-dsf-eb29vituong-than-tinh-yeu-ngoi-cua-falconet-bang-da-dsf-eb29\/\" \/>\n<meta property=\"og:site_name\" content=\"Danang Sculpture Foundation\" \/>\n<meta property=\"article:modified_time\" content=\"2021-06-14T06:41:00+00:00\" \/>\n<meta property=\"og:image\" content=\"http:\/\/danangsculpture.com.vn\/wp-content\/uploads\/2021\/06\/1497861781.jpg\" \/>\n\t<meta property=\"og:image:width\" content=\"450\" \/>\n\t<meta property=\"og:image:height\" content=\"600\" \/>\n<meta name=\"twitter:card\" content=\"summary_large_image\" \/>\n<meta name=\"twitter:label1\" content=\"\u01af\u1edbc t\u00ednh th\u1eddi gian \u0111\u1ecdc\" \/>\n\t<meta name=\"twitter:data1\" content=\"15 ph\u00fat\" \/>\n<script type=\"application\/ld+json\" class=\"yoast-schema-graph\">{\"@context\":\"https:\/\/schema.org\",\"@graph\":[{\"@type\":\"WebSite\",\"@id\":\"https:\/\/www.danangsculpture.com.vn\/vi\/#website\",\"url\":\"https:\/\/www.danangsculpture.com.vn\/vi\/\",\"name\":\"Danang Sculpture Foundation\",\"description\":\"Giving spirit to stones\",\"potentialAction\":[{\"@type\":\"SearchAction\",\"target\":{\"@type\":\"EntryPoint\",\"urlTemplate\":\"https:\/\/www.danangsculpture.com.vn\/vi\/?s={search_term_string}\"},\"query-input\":\"required name=search_term_string\"}],\"inLanguage\":\"vi\"},{\"@type\":\"ImageObject\",\"@id\":\"https:\/\/www.danangsculpture.com.vn\/product\/enseated-cupid-by-falconet-stone-statue-dsf-eb29vituong-than-tinh-yeu-ngoi-cua-falconet-bang-da-dsf-eb29\/#primaryimage\",\"inLanguage\":\"vi\",\"url\":\"https:\/\/www.danangsculpture.com.vn\/wp-content\/uploads\/2021\/06\/1497861781.jpg\",\"contentUrl\":\"https:\/\/www.danangsculpture.com.vn\/wp-content\/uploads\/2021\/06\/1497861781.jpg\",\"width\":450,\"height\":600},{\"@type\":\"WebPage\",\"@id\":\"https:\/\/www.danangsculpture.com.vn\/product\/enseated-cupid-by-falconet-stone-statue-dsf-eb29vituong-than-tinh-yeu-ngoi-cua-falconet-bang-da-dsf-eb29\/#webpage\",\"url\":\"https:\/\/www.danangsculpture.com.vn\/product\/enseated-cupid-by-falconet-stone-statue-dsf-eb29vituong-than-tinh-yeu-ngoi-cua-falconet-bang-da-dsf-eb29\/\",\"name\":\"[:en]Seated Cupid by Falconet Stone Statue DSF-EB29[:vi]T\\u01b0\\u1ee3ng th\\u1ea7n t\\u00ecnh y\\u00eau ng\\u1ed3i c\\u1ee7a Falconet b\\u1eb1ng \\u0111\\u00e1 DSF-EB29[:] - Danang Sculpture Foundation\",\"isPartOf\":{\"@id\":\"https:\/\/www.danangsculpture.com.vn\/vi\/#website\"},\"primaryImageOfPage\":{\"@id\":\"https:\/\/www.danangsculpture.com.vn\/product\/enseated-cupid-by-falconet-stone-statue-dsf-eb29vituong-than-tinh-yeu-ngoi-cua-falconet-bang-da-dsf-eb29\/#primaryimage\"},\"datePublished\":\"2021-06-14T06:34:20+00:00\",\"dateModified\":\"2021-06-14T06:41:00+00:00\",\"breadcrumb\":{\"@id\":\"https:\/\/www.danangsculpture.com.vn\/product\/enseated-cupid-by-falconet-stone-statue-dsf-eb29vituong-than-tinh-yeu-ngoi-cua-falconet-bang-da-dsf-eb29\/#breadcrumb\"},\"inLanguage\":\"vi\",\"potentialAction\":[{\"@type\":\"ReadAction\",\"target\":[\"https:\/\/www.danangsculpture.com.vn\/product\/enseated-cupid-by-falconet-stone-statue-dsf-eb29vituong-than-tinh-yeu-ngoi-cua-falconet-bang-da-dsf-eb29\/\"]}]},{\"@type\":\"BreadcrumbList\",\"@id\":\"https:\/\/www.danangsculpture.com.vn\/product\/enseated-cupid-by-falconet-stone-statue-dsf-eb29vituong-than-tinh-yeu-ngoi-cua-falconet-bang-da-dsf-eb29\/#breadcrumb\",\"itemListElement\":[{\"@type\":\"ListItem\",\"position\":1,\"name\":\"Home\",\"item\":\"https:\/\/www.danangsculpture.com.vn\/vi\/\"},{\"@type\":\"ListItem\",\"position\":2,\"name\":\"Shop\",\"item\":\"https:\/\/www.danangsculpture.com.vn\/vi\/shop\/\"},{\"@type\":\"ListItem\",\"position\":3,\"name\":\"Seated Cupid by Falconet Stone Statue DSF-EB29\"}]}]}<\/script>\n<!-- \/ Yoast SEO plugin. -->","_links":{"self":[{"href":"https:\/\/www.danangsculpture.com.vn\/vi\/wp-json\/wp\/v2\/product\/2249","targetHints":{"allow":["GET"]}}],"collection":[{"href":"https:\/\/www.danangsculpture.com.vn\/vi\/wp-json\/wp\/v2\/product"}],"about":[{"href":"https:\/\/www.danangsculpture.com.vn\/vi\/wp-json\/wp\/v2\/types\/product"}],"replies":[{"embeddable":true,"href":"https:\/\/www.danangsculpture.com.vn\/vi\/wp-json\/wp\/v2\/comments?post=2249"}],"wp:featuredmedia":[{"embeddable":true,"href":"https:\/\/www.danangsculpture.com.vn\/vi\/wp-json\/wp\/v2\/media\/2296"}],"wp:attachment":[{"href":"https:\/\/www.danangsculpture.com.vn\/vi\/wp-json\/wp\/v2\/media?parent=2249"}],"wp:term":[{"taxonomy":"product_cat","embeddable":true,"href":"https:\/\/www.danangsculpture.com.vn\/vi\/wp-json\/wp\/v2\/product_cat?post=2249"},{"taxonomy":"product_tag","embeddable":true,"href":"https:\/\/www.danangsculpture.com.vn\/vi\/wp-json\/wp\/v2\/product_tag?post=2249"}],"curies":[{"name":"wp","href":"https:\/\/api.w.org\/{rel}","templated":true}]}}