{"id":2050,"date":"2021-06-14T13:09:50","date_gmt":"2021-06-14T06:09:50","guid":{"rendered":"http:\/\/wordpress.dsp.vn\/?post_type=product&#038;p=2050"},"modified":"2021-06-14T13:14:57","modified_gmt":"2021-06-14T06:14:57","slug":"enpieta-by-michelangelo-garden-stone-statue-dsf-c36vituong-duc-me-sau-bi-cua-michelangelo-bang-da-dsf-c36","status":"publish","type":"product","link":"https:\/\/www.danangsculpture.com.vn\/vi\/product\/enpieta-by-michelangelo-garden-stone-statue-dsf-c36vituong-duc-me-sau-bi-cua-michelangelo-bang-da-dsf-c36\/","title":{"rendered":"T\u01b0\u1ee3ng \u0110\u1ee9c M\u1eb9 S\u1ea7u Bi c\u1ee7a Michelangelo b\u1eb1ng \u0111\u00e1 DSF-C36"},"content":{"rendered":"<p style=\"text-align: justify;\">\n\t<span style=\"font-family:arial,helvetica,sans-serif;\"><span style=\"font-size: 14px;\">B\u1ea3n sao t\u01b0\u1ee3ng &quot;\u0110\u1ee9c m\u1eb9 S\u1ea7u Bi&quot;&nbsp;<\/span><span style=\"font-size:14px;\">(<i style=\"font-family: Arial, sans-serif; font-size: 10.5pt;\">Piet&agrave;<\/i>)&nbsp;<\/span><span style=\"font-size: 14px;\">c\u1ee7a \u0111i&ecirc;u kh\u1eafc gia n\u1ed5i ti\u1ebfng&nbsp;<\/span><span style=\"font-size: 14px;\">Michelangelo&nbsp;<\/span><span style=\"font-size: 14px;\">v\u1edbi h&igrave;nh \u1ea3nh m\u1eb9 Maria \u0111au \u0111\u1edbn &ocirc;m x&aacute;c Ch&uacute;a Gi&ecirc;su th\u1ef1c s\u1ef1 l&agrave; m\u1ed9t t&aacute;c ph\u1ea9m ngh\u1ec7 thu\u1eadt. T\u01b0\u1ee3ng&nbsp;<\/span><span style=\"font-size: 14px;\">\u0111\u01b0\u1ee3c \u0111i&ecirc;u kh\u1eafc tinh t\u1ebf t\u1eeb \u0111&aacute; c\u1ea9m th\u1ea1ch tr\u1eafng t\u1ef1 nhi&ecirc;n b\u1edfi b&agrave;n tay c\u1ee7a nh\u1eefng th\u1ee3 \u0111i&ecirc;u kh\u1eafc&nbsp;<\/span><span style=\"font-size: 14px;\">t&agrave;i hoa<\/span><span style=\"font-size: 14px;\">, th&iacute;ch h\u1ee3p trang tr&iacute; ngo&agrave;i tr\u1eddi, t\u1ea1o \u0111i\u1ec3m nh\u1ea5n \u0111\u1eb7c bi\u1ec7t \u1ea5n t\u01b0\u1ee3ng cho kh&ocirc;ng gian ki\u1ebfn tr&uacute;c.&nbsp;<\/span><\/span><\/p>\n<p style=\"text-align: justify;\">\n\t<span style=\"font-family:arial,helvetica,sans-serif;\"><span style=\"font-size:14px;\"><strong><em>\u0110\u1ee9c M\u1eb9 S\u1ea7u Bi<\/em><\/strong>&nbsp;(ho\u1eb7c&nbsp;<em>Piet&agrave;<\/em>&nbsp;theo&nbsp;ti\u1ebfng &Yacute;) l&agrave; m\u1ed9t ch\u1ee7 \u0111\u1ec1 trong ngh\u1ec7 thu\u1eadt&nbsp;Kit&ocirc; gi&aacute;o, mi&ecirc;u t\u1ea3&nbsp;Maria&nbsp;&ocirc;m x&aacute;c&nbsp;Ch&uacute;a Gi&ecirc;su. \u0110&acirc;y l&agrave; c\u1ea3nh t\u01b0\u1ee3ng \u0111\u1eb7c tr\u01b0ng nh\u1ea5t trong b\u1ed1i c\u1ea3nh h\u1ea1 x&aacute;c Ch&uacute;a Gi&ecirc;su xu\u1ed1ng kh\u1ecfi c&acirc;y th\u1eadp gi&aacute; sau khi ch\u1ecbu \u0111&oacute;ng \u0111inh, mi&ecirc;u t\u1ea3 n\u1ed7i \u0111au \u0111\u1edbn c\u1ee7a Maria tr\u01b0\u1edbc c&aacute;i ch\u1ebft c\u1ee7a Gi&ecirc;su, con m&igrave;nh.<\/span><\/span><\/p>\n<p style=\"text-align: justify;\">\n\t<span style=\"font-family:arial,helvetica,sans-serif;\"><span style=\"font-size: 14px;\">M\u1eddi qu&yacute; kh&aacute;ch gh&eacute; xem b\u1ed9 s\u01b0u t\u1eadp \u0111a d\u1ea1ng c&aacute;c lo\u1ea1i t\u01b0\u1ee3ng \u0110\u1ee9c m\u1eb9 \u0110\u1ed3ng trinh, \u0110\u1ee9c m\u1eb9 La Vang, \u0110\u1ee9c m\u1eb9 v&agrave; Ch&ugrave;a h&agrave;i \u0111\u1ed3ng, Ch&uacute;a Gi&ecirc; su, Th&aacute;nh Giu S&ecirc;, Gia \u0111&igrave;nh Ch&uacute;a, Ch\u1eb7ng \u0111\u01b0\u1eddng Th&aacute;nh gi&aacute; v&agrave; nhi\u1ec1u t\u01b0\u1ee3ng Thi&ecirc;n ch&uacute;a gi&aacute;o kh&aacute;c b\u1eb1ng \u0111&aacute; t\u1ef1 nhi&ecirc;n c\u1ee7a Qu\u1ef9 \u0110i&ecirc;u kh\u1eafc \u0110&agrave; N\u1eb5ng t\u1ea1i&nbsp;<a href=\"http:\/\/danangsculpture.com\/vn\/product-cat\/2-tuong-chua\/\"><u><strong><span style=\"color: rgb(255, 140, 0);\">DanangSculpture.com<\/span><\/strong><\/u><\/a><u><strong><a href=\"http:\/\/danangsculpture.com\/vn\/product-cat\/2-tuong-chua\/\"><span style=\"color: rgb(255, 140, 0);\">.<\/span><\/a><\/strong><\/u><\/span><\/span><\/p>\n<table border=\"1\" cellpadding=\"0\" cellspacing=\"0\" style=\"width: 100%\" width=\"896\">\n<tbody>\n<tr>\n<td style=\"width: 273px;\">\n<p>\n\t\t\t\t\t<span style=\"font-family:arial,helvetica,sans-serif;\"><span style=\"font-size: 14px;\">1. K&iacute;ch th\u01b0\u1edbc:<\/span><\/span><\/p>\n<\/td>\n<td style=\"width: 623px;\">\n<p>\n\t\t\t\t\t<span style=\"font-family:arial,helvetica,sans-serif;\"><span style=\"font-size: 14px;\">T\u1eeb 80cm tr\u1edf l&ecirc;n theo y&ecirc;u c\u1ea7u ri&ecirc;ng c\u1ee7a qu&yacute; kh&aacute;ch<\/span><\/span><\/p>\n<\/td>\n<\/tr>\n<tr>\n<td style=\"width: 273px;\">\n<p>\n\t\t\t\t\t<span style=\"font-family:arial,helvetica,sans-serif;\"><span style=\"font-size: 14px;\">2. Nguy&ecirc;n v\u1eadt li\u1ec7u:<\/span><\/span><\/p>\n<\/td>\n<td style=\"width: 623px;\">\n<p>\n\t\t\t\t\t<span style=\"font-family:arial,helvetica,sans-serif;\"><span style=\"font-size: 14px;\">\u0110&aacute; c\u1ea9m th\u1ea1ch, sa th\u1ea1ch, granite t\u1ef1 nhi&ecirc;n<\/span><\/span><\/p>\n<\/td>\n<\/tr>\n<tr>\n<td style=\"width: 273px;\">\n<p>\n\t\t\t\t\t<span style=\"font-family:arial,helvetica,sans-serif;\"><span style=\"font-size: 14px;\">3. M&agrave;u s\u1eafc:<\/span><\/span><\/p>\n<\/td>\n<td style=\"width: 623px;\">\n<p>\n\t\t\t\t\t<span style=\"font-family:arial,helvetica,sans-serif;\"><span style=\"font-size: 14px;\">Tr\u1eafng\/X&aacute;m\/\u0110en\/V&agrave;ng\/\u0110\u1ecf\/Xanh nh\u1ea1t<\/span><\/span><\/p>\n<\/td>\n<\/tr>\n<tr>\n<td style=\"width: 273px;\">\n<p>\n\t\t\t\t\t<span style=\"font-family:arial,helvetica,sans-serif;\"><span style=\"font-size: 14px;\">4. K\u1ef9 thu\u1eadt:<\/span><\/span><\/p>\n<\/td>\n<td style=\"width: 623px;\">\n<p>\n\t\t\t\t\t<span style=\"font-family:arial,helvetica,sans-serif;\"><span style=\"font-size: 14px;\">\u0110i&ecirc;u kh\u1eafc b\u1eb1ng tay, b\u1ec1 m\u1eb7t m&agrave;i nh\u1eb5n ho\u1eb7c \u0111&aacute;nh b&oacute;ng<\/span><\/span><\/p>\n<\/td>\n<\/tr>\n<tr>\n<td style=\"width: 273px;\">\n<p>\n\t\t\t\t\t<span style=\"font-family:arial,helvetica,sans-serif;\"><span style=\"font-size: 14px;\">5. C&aacute;ch s\u1eed d\u1ee5ng:<\/span><\/span><\/p>\n<\/td>\n<td style=\"width: 623px;\">\n<p>\n\t\t\t\t\t<span style=\"font-family:arial,helvetica,sans-serif;\"><span style=\"font-size: 14px;\">Th\u1edd c&uacute;ng trong nh&agrave; ho\u1eb7c ngo&agrave;i tr\u1eddi, qu&agrave; bi\u1ebfu t\u1eb7ng, hi\u1ebfn t\u1eb7ng&#8230;<\/span><\/span><\/p>\n<\/td>\n<\/tr>\n<tr>\n<td style=\"width: 273px;\">\n<p>\n\t\t\t\t\t<span style=\"font-family:arial,helvetica,sans-serif;\"><span style=\"font-size: 14px;\">6. \u0110i\u1ec1u kho\u1ea3n mua b&aacute;n:<\/span><\/span><\/p>\n<\/td>\n<td style=\"width: 623px;\">\n<p>\n\t\t\t\t\t<span style=\"font-family:arial,helvetica,sans-serif;\"><span style=\"font-size: 14px;\">EXW, FOB, CFR, CIF, CPT, CIP t&ugrave;y theo y&ecirc;u c\u1ea7u ri&ecirc;ng c\u1ee7a b\u1ea1n&nbsp;<\/span><\/span><\/p>\n<\/td>\n<\/tr>\n<tr>\n<td style=\"width: 273px;\">\n<p>\n\t\t\t\t\t<span style=\"font-family:arial,helvetica,sans-serif;\"><span style=\"font-size: 14px;\">7. Ph\u01b0\u01a1ng th\u1ee9c thanh to&aacute;n: &nbsp;&nbsp;<\/span><\/span><\/p>\n<\/td>\n<td style=\"width: 623px;\">\n<p>\n\t\t\t\t\t<span style=\"font-family:arial,helvetica,sans-serif;\"><span style=\"font-size: 14px;\">Chuy\u1ec3n kho\u1ea3n, th\u1ebb t&iacute;n d\u1ee5ng trong n\u01b0\u1edbc v&agrave; qu\u1ed1c t\u1ebf, Western Union ho\u1eb7c L\/C&nbsp;tr\u1ea3 ngay<\/span><\/span><\/p>\n<\/td>\n<\/tr>\n<tr>\n<td style=\"width: 273px;\">\n<p>\n\t\t\t\t\t<span style=\"font-family:arial,helvetica,sans-serif;\"><span style=\"font-size: 14px;\">8. \u0110&oacute;ng g&oacute;i:<\/span><\/span><\/p>\n<\/td>\n<td style=\"width: 623px;\">\n<p>\n\t\t\t\t\t<span style=\"font-family:arial,helvetica,sans-serif;\"><span style=\"font-size: 14px;\">\u0110&oacute;ng trong ki\u1ec7n g\u1ed7 ch\u1eafc ch\u1eafn (c&oacute; ch&egrave;n carton, n&ecirc;m g\u1ed7 ho\u1eb7c x\u1ed1p b&ecirc;n trong) \u0111\u1ed1i v\u1edbi v\u1eadn chuy\u1ec3n \u0111\u01b0\u1eddng bi\u1ec3n ho\u1eb7c \u0111\u01b0\u1eddng b\u1ed9 v&agrave; trong th&ugrave;ng x\u1ed1p \u0111\u1eb7c \u0111\u1ed1i v\u1edbi v\u1eadn chuy\u1ec3n h&agrave;ng kh&ocirc;ng<\/span><\/span><\/p>\n<\/td>\n<\/tr>\n<tr>\n<td style=\"width: 273px;\">\n<p>\n\t\t\t\t\t<span style=\"font-family:arial,helvetica,sans-serif;\"><span style=\"font-size: 14px;\">9. Th\u1eddi h\u1ea1n giao h&agrave;ng:<\/span><\/span><\/p>\n<\/td>\n<td style=\"width: 623px;\">\n<p>\n\t\t\t\t\t<span style=\"font-family:arial,helvetica,sans-serif;\"><span style=\"font-size: 14px;\">15 &#8211; 30 ng&agrave;y sau khi nh\u1eadn \u0111\u01b0\u1ee3c ti\u1ec1n \u0111\u1eb7t c\u1ecdc t&ugrave;y theo t\u1eebng \u0111\u01a1n h&agrave;ng c\u1ee5 th\u1ec3<\/span><\/span><\/p>\n<div>\n\t\t\t\t\t&nbsp;<\/div>\n<\/td>\n<\/tr>\n<\/tbody>\n<\/table>\n<p>\n\t&nbsp;<\/p>\n","protected":false},"excerpt":{"rendered":"<p>B\u1ea3n sao t\u01b0\u1ee3ng &#8220;\u0110\u1ee9c m\u1eb9 S\u1ea7u Bi&#8221; (Piet\u00e0) c\u1ee7a \u0111i\u00eau kh\u1eafc gia n\u1ed5i ti\u1ebfng Michelangelo v\u1edbi h\u00ecnh \u1ea3nh m\u1eb9 Maria \u0111au \u0111\u1edbn \u00f4m x\u00e1c Ch\u00faa Gi\u00easu th\u1ef1c s\u1ef1 l\u00e0 m\u1ed9t t\u00e1c ph\u1ea9m ngh\u1ec7 thu\u1eadt. T\u01b0\u1ee3ng \u0111\u01b0\u1ee3c \u0111i\u00eau kh\u1eafc tinh t\u1ebf t\u1eeb \u0111\u00e1 c\u1ea9m th\u1ea1ch tr\u1eafng t\u1ef1 nhi\u00ean b\u1edfi b\u00e0n tay c\u1ee7a nh\u1eefng<\/p>\n","protected":false},"featured_media":2095,"comment_status":"open","ping_status":"closed","template":"","meta":[],"product_cat":[57],"product_tag":[],"class_list":["post-2050","product","type-product","status-publish","has-post-thumbnail","hentry","product_cat-saints-and-others"],"yoast_head":"<!-- This site is optimized with the Yoast SEO plugin v16.6.1 - https:\/\/yoast.com\/wordpress\/plugins\/seo\/ -->\n<title>T\u01b0\u1ee3ng \u0110\u1ee9c M\u1eb9 S\u1ea7u Bi c\u1ee7a Michelangelo b\u1eb1ng \u0111\u00e1 DSF-C36 - Danang Sculpture Foundation<\/title>\n<meta name=\"robots\" content=\"index, follow, max-snippet:-1, max-image-preview:large, max-video-preview:-1\" \/>\n<link rel=\"canonical\" href=\"https:\/\/www.danangsculpture.com.vn\/product\/enpieta-by-michelangelo-garden-stone-statue-dsf-c36vituong-duc-me-sau-bi-cua-michelangelo-bang-da-dsf-c36\/\" \/>\n<meta property=\"og:locale\" content=\"vi_VN\" \/>\n<meta property=\"og:type\" content=\"article\" \/>\n<meta property=\"og:title\" content=\"T\u01b0\u1ee3ng \u0110\u1ee9c M\u1eb9 S\u1ea7u Bi c\u1ee7a Michelangelo b\u1eb1ng \u0111\u00e1 DSF-C36\" \/>\n<meta property=\"og:description\" content=\"B\u1ea3n sao t\u01b0\u1ee3ng &quot;\u0110\u1ee9c m\u1eb9 S\u1ea7u Bi&quot; (Piet\u00e0) c\u1ee7a \u0111i\u00eau kh\u1eafc gia n\u1ed5i ti\u1ebfng Michelangelo v\u1edbi h\u00ecnh \u1ea3nh m\u1eb9 Maria \u0111au \u0111\u1edbn \u00f4m x\u00e1c Ch\u00faa Gi\u00easu th\u1ef1c s\u1ef1 l\u00e0 m\u1ed9t t\u00e1c ph\u1ea9m ngh\u1ec7 thu\u1eadt. T\u01b0\u1ee3ng \u0111\u01b0\u1ee3c \u0111i\u00eau kh\u1eafc tinh t\u1ebf t\u1eeb \u0111\u00e1 c\u1ea9m th\u1ea1ch tr\u1eafng t\u1ef1 nhi\u00ean b\u1edfi b\u00e0n tay c\u1ee7a nh\u1eefng\" \/>\n<meta property=\"og:url\" content=\"https:\/\/www.danangsculpture.com.vn\/product\/enpieta-by-michelangelo-garden-stone-statue-dsf-c36vituong-duc-me-sau-bi-cua-michelangelo-bang-da-dsf-c36\/\" \/>\n<meta property=\"og:site_name\" content=\"Danang Sculpture Foundation\" \/>\n<meta property=\"article:modified_time\" content=\"2021-06-14T06:14:57+00:00\" \/>\n<meta property=\"og:image\" content=\"http:\/\/danangsculpture.com.vn\/wp-content\/uploads\/2021\/06\/1496041218.jpg\" \/>\n\t<meta property=\"og:image:width\" content=\"450\" \/>\n\t<meta property=\"og:image:height\" content=\"600\" \/>\n<meta name=\"twitter:card\" content=\"summary_large_image\" \/>\n<meta name=\"twitter:label1\" content=\"\u01af\u1edbc t\u00ednh th\u1eddi gian \u0111\u1ecdc\" \/>\n\t<meta name=\"twitter:data1\" content=\"14 ph\u00fat\" \/>\n<script type=\"application\/ld+json\" class=\"yoast-schema-graph\">{\"@context\":\"https:\/\/schema.org\",\"@graph\":[{\"@type\":\"WebSite\",\"@id\":\"https:\/\/www.danangsculpture.com.vn\/vi\/#website\",\"url\":\"https:\/\/www.danangsculpture.com.vn\/vi\/\",\"name\":\"Danang Sculpture Foundation\",\"description\":\"Giving spirit to stones\",\"potentialAction\":[{\"@type\":\"SearchAction\",\"target\":{\"@type\":\"EntryPoint\",\"urlTemplate\":\"https:\/\/www.danangsculpture.com.vn\/vi\/?s={search_term_string}\"},\"query-input\":\"required name=search_term_string\"}],\"inLanguage\":\"vi\"},{\"@type\":\"ImageObject\",\"@id\":\"https:\/\/www.danangsculpture.com.vn\/product\/enpieta-by-michelangelo-garden-stone-statue-dsf-c36vituong-duc-me-sau-bi-cua-michelangelo-bang-da-dsf-c36\/#primaryimage\",\"inLanguage\":\"vi\",\"url\":\"https:\/\/www.danangsculpture.com.vn\/wp-content\/uploads\/2021\/06\/1496041218.jpg\",\"contentUrl\":\"https:\/\/www.danangsculpture.com.vn\/wp-content\/uploads\/2021\/06\/1496041218.jpg\",\"width\":450,\"height\":600},{\"@type\":\"WebPage\",\"@id\":\"https:\/\/www.danangsculpture.com.vn\/product\/enpieta-by-michelangelo-garden-stone-statue-dsf-c36vituong-duc-me-sau-bi-cua-michelangelo-bang-da-dsf-c36\/#webpage\",\"url\":\"https:\/\/www.danangsculpture.com.vn\/product\/enpieta-by-michelangelo-garden-stone-statue-dsf-c36vituong-duc-me-sau-bi-cua-michelangelo-bang-da-dsf-c36\/\",\"name\":\"[:en]Pieta By Michelangelo Garden Stone Statue DSF-C36[:vi]T\\u01b0\\u1ee3ng \\u0110\\u1ee9c M\\u1eb9 S\\u1ea7u Bi c\\u1ee7a Michelangelo b\\u1eb1ng \\u0111\\u00e1 DSF-C36[:] - Danang Sculpture Foundation\",\"isPartOf\":{\"@id\":\"https:\/\/www.danangsculpture.com.vn\/vi\/#website\"},\"primaryImageOfPage\":{\"@id\":\"https:\/\/www.danangsculpture.com.vn\/product\/enpieta-by-michelangelo-garden-stone-statue-dsf-c36vituong-duc-me-sau-bi-cua-michelangelo-bang-da-dsf-c36\/#primaryimage\"},\"datePublished\":\"2021-06-14T06:09:50+00:00\",\"dateModified\":\"2021-06-14T06:14:57+00:00\",\"breadcrumb\":{\"@id\":\"https:\/\/www.danangsculpture.com.vn\/product\/enpieta-by-michelangelo-garden-stone-statue-dsf-c36vituong-duc-me-sau-bi-cua-michelangelo-bang-da-dsf-c36\/#breadcrumb\"},\"inLanguage\":\"vi\",\"potentialAction\":[{\"@type\":\"ReadAction\",\"target\":[\"https:\/\/www.danangsculpture.com.vn\/product\/enpieta-by-michelangelo-garden-stone-statue-dsf-c36vituong-duc-me-sau-bi-cua-michelangelo-bang-da-dsf-c36\/\"]}]},{\"@type\":\"BreadcrumbList\",\"@id\":\"https:\/\/www.danangsculpture.com.vn\/product\/enpieta-by-michelangelo-garden-stone-statue-dsf-c36vituong-duc-me-sau-bi-cua-michelangelo-bang-da-dsf-c36\/#breadcrumb\",\"itemListElement\":[{\"@type\":\"ListItem\",\"position\":1,\"name\":\"Home\",\"item\":\"https:\/\/www.danangsculpture.com.vn\/vi\/\"},{\"@type\":\"ListItem\",\"position\":2,\"name\":\"Shop\",\"item\":\"https:\/\/www.danangsculpture.com.vn\/vi\/shop\/\"},{\"@type\":\"ListItem\",\"position\":3,\"name\":\"Pieta By Michelangelo Garden Stone Statue DSF-C36\"}]}]}<\/script>\n<!-- \/ Yoast SEO plugin. -->","_links":{"self":[{"href":"https:\/\/www.danangsculpture.com.vn\/vi\/wp-json\/wp\/v2\/product\/2050","targetHints":{"allow":["GET"]}}],"collection":[{"href":"https:\/\/www.danangsculpture.com.vn\/vi\/wp-json\/wp\/v2\/product"}],"about":[{"href":"https:\/\/www.danangsculpture.com.vn\/vi\/wp-json\/wp\/v2\/types\/product"}],"replies":[{"embeddable":true,"href":"https:\/\/www.danangsculpture.com.vn\/vi\/wp-json\/wp\/v2\/comments?post=2050"}],"wp:featuredmedia":[{"embeddable":true,"href":"https:\/\/www.danangsculpture.com.vn\/vi\/wp-json\/wp\/v2\/media\/2095"}],"wp:attachment":[{"href":"https:\/\/www.danangsculpture.com.vn\/vi\/wp-json\/wp\/v2\/media?parent=2050"}],"wp:term":[{"taxonomy":"product_cat","embeddable":true,"href":"https:\/\/www.danangsculpture.com.vn\/vi\/wp-json\/wp\/v2\/product_cat?post=2050"},{"taxonomy":"product_tag","embeddable":true,"href":"https:\/\/www.danangsculpture.com.vn\/vi\/wp-json\/wp\/v2\/product_tag?post=2050"}],"curies":[{"name":"wp","href":"https:\/\/api.w.org\/{rel}","templated":true}]}}