{"id":2042,"date":"2021-06-14T13:08:47","date_gmt":"2021-06-14T06:08:47","guid":{"rendered":"http:\/\/wordpress.dsp.vn\/?post_type=product&#038;p=2042"},"modified":"2021-06-14T13:14:00","modified_gmt":"2021-06-14T06:14:00","slug":"enhigh-quality-last-supper-stone-relief-dsf-c74viphu-dieu-buoi-tiec-cuoi-cung-cua-chua-bang-da-dsf-c74","status":"publish","type":"product","link":"https:\/\/www.danangsculpture.com.vn\/vi\/product\/enhigh-quality-last-supper-stone-relief-dsf-c74viphu-dieu-buoi-tiec-cuoi-cung-cua-chua-bang-da-dsf-c74\/","title":{"rendered":"Ph\u00f9 \u0111i\u00eau Bu\u1ed5i ti\u1ec7c cu\u1ed1i c\u00f9ng c\u1ee7a Ch\u00faa b\u1eb1ng \u0111\u00e1 DSF-C74"},"content":{"rendered":"<p style=\"text-align: justify;\">\n\t<span style=\"font-size: 14px;\">Ph&ugrave; \u0111i&ecirc;u Bu\u1ed5i ti\u1ec7c cu\u1ed1i c&ugrave;ng v\u1edbi h&igrave;nh \u1ea3nh Ch&uacute;a Gi&ecirc;su c&ugrave;ng 12 v\u1ecb t&ocirc;ng \u0111\u1ed3 th\u1ef1c s\u1ef1 l&agrave; m\u1ed9t t&aacute;c ph\u1ea9m ngh\u1ec7 thu\u1eadt cao c\u1ea5p. Ph&ugrave; \u0111i&ecirc;u <\/span><span style=\"font-size: 14px;\">\u0111\u01b0\u1ee3c \u0111i&ecirc;u kh\u1eafc tinh t\u1ebf t\u1eeb \u0111&aacute; c\u1ea9m th\u1ea1ch tr\u1eafng t\u1ef1 nhi&ecirc;n b\u1edfi b&agrave;n tay t&agrave;i hoa c\u1ee7a nh\u1eefng th\u1ee3 \u0111i&ecirc;u kh\u1eafc Qu\u1ef9 \u0110i&ecirc;u kh\u1eafc \u0110&agrave; N\u1eb5ng, th&iacute;ch h\u1ee3p trang tr&iacute; c\u1ea3 trong nh&agrave; v&agrave; ngo&agrave;i tr\u1eddi.&nbsp;<\/span><\/p>\n<p style=\"text-align: justify;\">\n\t<span style=\"font-size: 14px;\">M\u1eddi qu&yacute; kh&aacute;ch gh&eacute; xem b\u1ed9 s\u01b0u t\u1eadp \u0111a d\u1ea1ng c&aacute;c lo\u1ea1i t\u01b0\u1ee3ng \u0110\u1ee9c m\u1eb9 \u0110\u1ed3ng trinh, \u0110\u1ee9c m\u1eb9 La Vang, \u0110\u1ee9c m\u1eb9 v&agrave; Ch&ugrave;a h&agrave;i \u0111\u1ed3ng, Ch&uacute;a Gi&ecirc; su, Th&aacute;nh Giu S&ecirc;, Gia \u0111&igrave;nh Ch&uacute;a, Ch\u1eb7ng \u0111\u01b0\u1eddng Th&aacute;nh gi&aacute; v&agrave; nhi\u1ec1u t\u01b0\u1ee3ng Thi&ecirc;n ch&uacute;a gi&aacute;o kh&aacute;c b\u1eb1ng \u0111&aacute; t\u1ef1 nhi&ecirc;n c\u1ee7a Qu\u1ef9 \u0110i&ecirc;u kh\u1eafc \u0110&agrave; N\u1eb5ng t\u1ea1i&nbsp;<a href=\"http:\/\/danangsculpture.com\/vn\/product-cat\/2-tuong-chua\/\"><u><strong><span style=\"color: rgb(255, 140, 0);\">DanangSculpture.com<\/span><\/strong><\/u><\/a><u><strong><a href=\"http:\/\/danangsculpture.com\/vn\/product-cat\/2-tuong-chua\/\"><span style=\"color: rgb(255, 140, 0);\">.<\/span><\/a><\/strong><\/u><\/span><\/p>\n<table border=\"1\" cellpadding=\"0\" cellspacing=\"0\" style=\"width: 100%\" width=\"896\">\n<tbody>\n<tr>\n<td style=\"width: 273px;\">\n<p>\n\t\t\t\t\t<span style=\"font-size: 14px;\">1. K&iacute;ch th\u01b0\u1edbc:<\/span><\/p>\n<\/td>\n<td style=\"width: 623px;\">\n<p>\n\t\t\t\t\t<span style=\"font-size: 14px;\">T\u1eeb 150cm tr\u1edf l&ecirc;n theo y&ecirc;u c\u1ea7u ri&ecirc;ng c\u1ee7a qu&yacute; kh&aacute;ch<\/span><\/p>\n<\/td>\n<\/tr>\n<tr>\n<td style=\"width: 273px;\">\n<p>\n\t\t\t\t\t<span style=\"font-size: 14px;\">2. Nguy&ecirc;n v\u1eadt li\u1ec7u:<\/span><\/p>\n<\/td>\n<td style=\"width: 623px;\">\n<p>\n\t\t\t\t\t<span style=\"font-size: 14px;\">\u0110&aacute; c\u1ea9m th\u1ea1ch, sa th\u1ea1ch, granite t\u1ef1 nhi&ecirc;n<\/span><\/p>\n<\/td>\n<\/tr>\n<tr>\n<td style=\"width: 273px;\">\n<p>\n\t\t\t\t\t<span style=\"font-size: 14px;\">3. M&agrave;u s\u1eafc:<\/span><\/p>\n<\/td>\n<td style=\"width: 623px;\">\n<p>\n\t\t\t\t\t<span style=\"font-size: 14px;\">Tr\u1eafng\/X&aacute;m\/\u0110en\/V&agrave;ng\/\u0110\u1ecf\/Xanh nh\u1ea1t<\/span><\/p>\n<\/td>\n<\/tr>\n<tr>\n<td style=\"width: 273px;\">\n<p>\n\t\t\t\t\t<span style=\"font-size: 14px;\">4. K\u1ef9 thu\u1eadt:<\/span><\/p>\n<\/td>\n<td style=\"width: 623px;\">\n<p>\n\t\t\t\t\t<span style=\"font-size: 14px;\">\u0110i&ecirc;u kh\u1eafc b\u1eb1ng tay, b\u1ec1 m\u1eb7t m&agrave;i nh\u1eb5n ho\u1eb7c \u0111&aacute;nh b&oacute;ng<\/span><\/p>\n<\/td>\n<\/tr>\n<tr>\n<td style=\"width: 273px;\">\n<p>\n\t\t\t\t\t<span style=\"font-size: 14px;\">5. C&aacute;ch s\u1eed d\u1ee5ng:<\/span><\/p>\n<\/td>\n<td style=\"width: 623px;\">\n<p>\n\t\t\t\t\t<span style=\"font-size: 14px;\">Th\u1edd c&uacute;ng trong nh&agrave; ho\u1eb7c ngo&agrave;i tr\u1eddi, qu&agrave; bi\u1ebfu t\u1eb7ng, hi\u1ebfn t\u1eb7ng&#8230;<\/span><\/p>\n<\/td>\n<\/tr>\n<tr>\n<td style=\"width: 273px;\">\n<p>\n\t\t\t\t\t<span style=\"font-size: 14px;\">6. \u0110i\u1ec1u kho\u1ea3n mua b&aacute;n:<\/span><\/p>\n<\/td>\n<td style=\"width: 623px;\">\n<p>\n\t\t\t\t\t<span style=\"font-size: 14px;\">EXW, FOB, CFR, CIF, CPT, CIP t&ugrave;y theo y&ecirc;u c\u1ea7u ri&ecirc;ng c\u1ee7a b\u1ea1n&nbsp;<\/span><\/p>\n<\/td>\n<\/tr>\n<tr>\n<td style=\"width: 273px;\">\n<p>\n\t\t\t\t\t<span style=\"font-size: 14px;\">7. Ph\u01b0\u01a1ng th\u1ee9c thanh to&aacute;n: &nbsp;&nbsp;<\/span><\/p>\n<\/td>\n<td style=\"width: 623px;\">\n<p>\n\t\t\t\t\t<span style=\"font-size: 14px;\">Chuy\u1ec3n kho\u1ea3n, th\u1ebb t&iacute;n d\u1ee5ng trong n\u01b0\u1edbc v&agrave; qu\u1ed1c t\u1ebf, Western Union ho\u1eb7c L\/C&nbsp;tr\u1ea3 ngay<\/span><\/p>\n<\/td>\n<\/tr>\n<tr>\n<td style=\"width: 273px;\">\n<p>\n\t\t\t\t\t<span style=\"font-size: 14px;\">8. \u0110&oacute;ng g&oacute;i:<\/span><\/p>\n<\/td>\n<td style=\"width: 623px;\">\n<p>\n\t\t\t\t\t<span style=\"font-size: 14px;\">\u0110&oacute;ng trong ki\u1ec7n g\u1ed7 ch\u1eafc ch\u1eafn (c&oacute; ch&egrave;n carton, n&ecirc;m g\u1ed7 ho\u1eb7c x\u1ed1p b&ecirc;n trong) \u0111\u1ed1i v\u1edbi v\u1eadn chuy\u1ec3n \u0111\u01b0\u1eddng bi\u1ec3n ho\u1eb7c \u0111\u01b0\u1eddng b\u1ed9 v&agrave; trong th&ugrave;ng x\u1ed1p \u0111\u1eb7c \u0111\u1ed1i v\u1edbi v\u1eadn chuy\u1ec3n h&agrave;ng kh&ocirc;ng<\/span><\/p>\n<\/td>\n<\/tr>\n<tr>\n<td style=\"width: 273px;\">\n<p>\n\t\t\t\t\t<span style=\"font-size: 14px;\">9. Th\u1eddi h\u1ea1n giao h&agrave;ng:<\/span><\/p>\n<\/td>\n<td style=\"width: 623px;\">\n<p>\n\t\t\t\t\t<span style=\"font-size: 14px;\">15 &#8211; 30 ng&agrave;y sau khi nh\u1eadn \u0111\u01b0\u1ee3c ti\u1ec1n \u0111\u1eb7t c\u1ecdc t&ugrave;y theo t\u1eebng \u0111\u01a1n h&agrave;ng c\u1ee5 th\u1ec3<\/span><\/p>\n<div>\n\t\t\t\t\t&nbsp;<\/div>\n<\/td>\n<\/tr>\n<\/tbody>\n<\/table>\n<p>\n\t&nbsp;<\/p>\n","protected":false},"excerpt":{"rendered":"<p>Ph\u00f9 \u0111i\u00eau Bu\u1ed5i ti\u1ec7c cu\u1ed1i c\u00f9ng v\u1edbi h\u00ecnh \u1ea3nh Ch\u00faa Gi\u00easu c\u00f9ng 12 v\u1ecb t\u00f4ng \u0111\u1ed3 th\u1ef1c s\u1ef1 l\u00e0 m\u1ed9t t\u00e1c ph\u1ea9m ngh\u1ec7 thu\u1eadt cao c\u1ea5p. Ph\u00f9 \u0111i\u00eau \u0111\u01b0\u1ee3c \u0111i\u00eau kh\u1eafc tinh t\u1ebf t\u1eeb \u0111\u00e1 c\u1ea9m th\u1ea1ch tr\u1eafng t\u1ef1 nhi\u00ean b\u1edfi b\u00e0n tay t\u00e0i hoa c\u1ee7a nh\u1eefng th\u1ee3 c\u1ee7a Qu\u1ef9 \u0110i\u00eau kh\u1eafc \u0110\u00e0 N\u1eb5ng, th\u00edch h\u1ee3p trang<\/p>\n","protected":false},"featured_media":2085,"comment_status":"open","ping_status":"closed","template":"","meta":[],"product_cat":[57],"product_tag":[],"class_list":["post-2042","product","type-product","status-publish","has-post-thumbnail","hentry","product_cat-saints-and-others"],"yoast_head":"<!-- This site is optimized with the Yoast SEO plugin v16.6.1 - https:\/\/yoast.com\/wordpress\/plugins\/seo\/ -->\n<title>Ph\u00f9 \u0111i\u00eau Bu\u1ed5i ti\u1ec7c cu\u1ed1i c\u00f9ng c\u1ee7a Ch\u00faa b\u1eb1ng \u0111\u00e1 DSF-C74 - Danang Sculpture Foundation<\/title>\n<meta name=\"robots\" content=\"index, follow, max-snippet:-1, max-image-preview:large, max-video-preview:-1\" \/>\n<link rel=\"canonical\" href=\"https:\/\/danangsculpture.com.vn\/product\/enhigh-quality-last-supper-stone-relief-dsf-c74viphu-dieu-buoi-tiec-cuoi-cung-cua-chua-bang-da-dsf-c74\/\" \/>\n<meta property=\"og:locale\" content=\"vi_VN\" \/>\n<meta property=\"og:type\" content=\"article\" \/>\n<meta property=\"og:title\" content=\"Ph\u00f9 \u0111i\u00eau Bu\u1ed5i ti\u1ec7c cu\u1ed1i c\u00f9ng c\u1ee7a Ch\u00faa b\u1eb1ng \u0111\u00e1 DSF-C74\" \/>\n<meta property=\"og:description\" content=\"Ph\u00f9 \u0111i\u00eau Bu\u1ed5i ti\u1ec7c cu\u1ed1i c\u00f9ng v\u1edbi h\u00ecnh \u1ea3nh Ch\u00faa Gi\u00easu c\u00f9ng 12 v\u1ecb t\u00f4ng \u0111\u1ed3 th\u1ef1c s\u1ef1 l\u00e0 m\u1ed9t t\u00e1c ph\u1ea9m ngh\u1ec7 thu\u1eadt cao c\u1ea5p. Ph\u00f9 \u0111i\u00eau \u0111\u01b0\u1ee3c \u0111i\u00eau kh\u1eafc tinh t\u1ebf t\u1eeb \u0111\u00e1 c\u1ea9m th\u1ea1ch tr\u1eafng t\u1ef1 nhi\u00ean b\u1edfi b\u00e0n tay t\u00e0i hoa c\u1ee7a nh\u1eefng th\u1ee3 c\u1ee7a Qu\u1ef9 \u0110i\u00eau kh\u1eafc \u0110\u00e0 N\u1eb5ng, th\u00edch h\u1ee3p trang\" \/>\n<meta property=\"og:url\" content=\"https:\/\/danangsculpture.com.vn\/product\/enhigh-quality-last-supper-stone-relief-dsf-c74viphu-dieu-buoi-tiec-cuoi-cung-cua-chua-bang-da-dsf-c74\/\" \/>\n<meta property=\"og:site_name\" content=\"Danang Sculpture Foundation\" \/>\n<meta property=\"article:modified_time\" content=\"2021-06-14T06:14:00+00:00\" \/>\n<meta property=\"og:image\" content=\"http:\/\/danangsculpture.com.vn\/wp-content\/uploads\/2021\/06\/1497240724.jpg\" \/>\n\t<meta property=\"og:image:width\" content=\"450\" \/>\n\t<meta property=\"og:image:height\" content=\"595\" \/>\n<meta name=\"twitter:card\" content=\"summary_large_image\" \/>\n<meta name=\"twitter:label1\" content=\"\u01af\u1edbc t\u00ednh th\u1eddi gian \u0111\u1ecdc\" \/>\n\t<meta name=\"twitter:data1\" content=\"12 ph\u00fat\" \/>\n<script type=\"application\/ld+json\" class=\"yoast-schema-graph\">{\"@context\":\"https:\/\/schema.org\",\"@graph\":[{\"@type\":\"WebSite\",\"@id\":\"https:\/\/www.danangsculpture.com.vn\/vi\/#website\",\"url\":\"https:\/\/www.danangsculpture.com.vn\/vi\/\",\"name\":\"Danang Sculpture Foundation\",\"description\":\"Giving spirit to stones\",\"potentialAction\":[{\"@type\":\"SearchAction\",\"target\":{\"@type\":\"EntryPoint\",\"urlTemplate\":\"https:\/\/www.danangsculpture.com.vn\/vi\/?s={search_term_string}\"},\"query-input\":\"required name=search_term_string\"}],\"inLanguage\":\"vi\"},{\"@type\":\"ImageObject\",\"@id\":\"https:\/\/danangsculpture.com.vn\/product\/enhigh-quality-last-supper-stone-relief-dsf-c74viphu-dieu-buoi-tiec-cuoi-cung-cua-chua-bang-da-dsf-c74\/#primaryimage\",\"inLanguage\":\"vi\",\"url\":\"https:\/\/www.danangsculpture.com.vn\/wp-content\/uploads\/2021\/06\/1497240724.jpg\",\"contentUrl\":\"https:\/\/www.danangsculpture.com.vn\/wp-content\/uploads\/2021\/06\/1497240724.jpg\",\"width\":450,\"height\":595},{\"@type\":\"WebPage\",\"@id\":\"https:\/\/danangsculpture.com.vn\/product\/enhigh-quality-last-supper-stone-relief-dsf-c74viphu-dieu-buoi-tiec-cuoi-cung-cua-chua-bang-da-dsf-c74\/#webpage\",\"url\":\"https:\/\/danangsculpture.com.vn\/product\/enhigh-quality-last-supper-stone-relief-dsf-c74viphu-dieu-buoi-tiec-cuoi-cung-cua-chua-bang-da-dsf-c74\/\",\"name\":\"[:en]High Quality Last Supper Stone Relief DSF-C74[:vi]Ph\\u00f9 \\u0111i\\u00eau Bu\\u1ed5i ti\\u1ec7c cu\\u1ed1i c\\u00f9ng c\\u1ee7a Ch\\u00faa b\\u1eb1ng \\u0111\\u00e1 DSF-C74[:] - Danang Sculpture Foundation\",\"isPartOf\":{\"@id\":\"https:\/\/www.danangsculpture.com.vn\/vi\/#website\"},\"primaryImageOfPage\":{\"@id\":\"https:\/\/danangsculpture.com.vn\/product\/enhigh-quality-last-supper-stone-relief-dsf-c74viphu-dieu-buoi-tiec-cuoi-cung-cua-chua-bang-da-dsf-c74\/#primaryimage\"},\"datePublished\":\"2021-06-14T06:08:47+00:00\",\"dateModified\":\"2021-06-14T06:14:00+00:00\",\"breadcrumb\":{\"@id\":\"https:\/\/danangsculpture.com.vn\/product\/enhigh-quality-last-supper-stone-relief-dsf-c74viphu-dieu-buoi-tiec-cuoi-cung-cua-chua-bang-da-dsf-c74\/#breadcrumb\"},\"inLanguage\":\"vi\",\"potentialAction\":[{\"@type\":\"ReadAction\",\"target\":[\"https:\/\/danangsculpture.com.vn\/product\/enhigh-quality-last-supper-stone-relief-dsf-c74viphu-dieu-buoi-tiec-cuoi-cung-cua-chua-bang-da-dsf-c74\/\"]}]},{\"@type\":\"BreadcrumbList\",\"@id\":\"https:\/\/danangsculpture.com.vn\/product\/enhigh-quality-last-supper-stone-relief-dsf-c74viphu-dieu-buoi-tiec-cuoi-cung-cua-chua-bang-da-dsf-c74\/#breadcrumb\",\"itemListElement\":[{\"@type\":\"ListItem\",\"position\":1,\"name\":\"Home\",\"item\":\"https:\/\/www.danangsculpture.com.vn\/vi\/\"},{\"@type\":\"ListItem\",\"position\":2,\"name\":\"Shop\",\"item\":\"https:\/\/www.danangsculpture.com.vn\/vi\/shop\/\"},{\"@type\":\"ListItem\",\"position\":3,\"name\":\"High Quality Last Supper Stone Relief DSF-C74\"}]}]}<\/script>\n<!-- \/ Yoast SEO plugin. -->","_links":{"self":[{"href":"https:\/\/www.danangsculpture.com.vn\/vi\/wp-json\/wp\/v2\/product\/2042","targetHints":{"allow":["GET"]}}],"collection":[{"href":"https:\/\/www.danangsculpture.com.vn\/vi\/wp-json\/wp\/v2\/product"}],"about":[{"href":"https:\/\/www.danangsculpture.com.vn\/vi\/wp-json\/wp\/v2\/types\/product"}],"replies":[{"embeddable":true,"href":"https:\/\/www.danangsculpture.com.vn\/vi\/wp-json\/wp\/v2\/comments?post=2042"}],"wp:featuredmedia":[{"embeddable":true,"href":"https:\/\/www.danangsculpture.com.vn\/vi\/wp-json\/wp\/v2\/media\/2085"}],"wp:attachment":[{"href":"https:\/\/www.danangsculpture.com.vn\/vi\/wp-json\/wp\/v2\/media?parent=2042"}],"wp:term":[{"taxonomy":"product_cat","embeddable":true,"href":"https:\/\/www.danangsculpture.com.vn\/vi\/wp-json\/wp\/v2\/product_cat?post=2042"},{"taxonomy":"product_tag","embeddable":true,"href":"https:\/\/www.danangsculpture.com.vn\/vi\/wp-json\/wp\/v2\/product_tag?post=2042"}],"curies":[{"name":"wp","href":"https:\/\/api.w.org\/{rel}","templated":true}]}}