{"id":1161,"date":"2021-06-14T11:56:40","date_gmt":"2021-06-14T04:56:40","guid":{"rendered":"http:\/\/wordpress.dsp.vn\/?post_type=product&#038;p=1161"},"modified":"2021-06-14T12:01:27","modified_gmt":"2021-06-14T05:01:27","slug":"enfreddie-mercury-rock-singer-star-black-granite-statue-dsf-v52vituong-ca-sy-nhac-rock-da-den-dsf-v52","status":"publish","type":"product","link":"https:\/\/www.danangsculpture.com.vn\/vi\/product\/enfreddie-mercury-rock-singer-star-black-granite-statue-dsf-v52vituong-ca-sy-nhac-rock-da-den-dsf-v52\/","title":{"rendered":"T\u01b0\u1ee3ng Ca s\u1ef9 nh\u1ea1c rock \u0111\u00e1 \u0111en DSF-V52"},"content":{"rendered":"<p style=\"text-align: justify;\">\n\t<span style=\"font-size:14px;\">T\u01b0\u1ee3ng ng&ocirc;i sao nh\u1ea1c rock huy\u1ec1n tho\u1ea1i&nbsp;<span style=\"text-align: justify;\">Freddie Mercury&nbsp;<\/span>\u0111ang bi\u1ec3u di\u1ec5n \u0111\u01b0\u1ee3c \u0111i&ecirc;u kh\u1eafc tinh t\u1ebf t\u1eeb \u0111&aacute; granite \u0111en t\u1ef1 nhi&ecirc;n. \u0110&acirc;y l&agrave; \u0111i\u1ec3m nh\u1ea5n m\u1edbi l\u1ea1 cho kh&ocirc;ng gian ki\u1ebfn tr&uacute;c c\u1ee7a b\u1ea1n, c&oacute; th\u1ec3 trang tr&iacute; trong nh&agrave; ho\u1eb7c ngo&agrave;i s&acirc;n v\u01b0\u1eddn. M\u1eddi b\u1ea1n xem th&ecirc;m nhi\u1ec1u lo\u1ea1i t\u01b0\u1ee3ng trang tr&iacute;, t\u01b0\u1ee3ng ngh\u1ec7 thu\u1eadt b\u1eb1ng \u0111&aacute; kh&aacute;c t\u1ea1i&nbsp;<u><strong><a href=\"http:\/\/danangsculpture.com\/vn\/product-cat\/28-tuong-san-vuon\/\">DanangSculpture.com<\/a><a href=\"http:\/\/danangsculpture.com\/vn\/product-cat\/20-ban-ghe\/\">.<\/a><\/strong><\/u><\/span><\/p>\n<p style=\"text-align: justify;\">\n\t<span style=\"font-size:14px;\">Freddie Mercury l&agrave; m\u1ed9t ca s\u0129 ki&ecirc;m nh\u1ea1c s\u0129 ng\u01b0\u1eddi Anh v&agrave; nh&agrave; s\u1ea3n xu\u1ea5t thu &acirc;m, \u0111\u01b0\u1ee3c bi\u1ebft \u0111\u1ebfn nh\u01b0 l&agrave; gi\u1ecdng ca ch&iacute;nh c\u1ee7a ban nh\u1ea1c rock huy\u1ec1n tho\u1ea1i Queen. &Ocirc;ng \u0111\u01b0\u1ee3c coi l&agrave; m\u1ed9t trong nh\u1eefng ca s\u0129 v\u0129 \u0111\u1ea1i nh\u1ea5t trong l\u1ecbch s\u1eed &acirc;m nh\u1ea1c n\u1ed5i ti\u1ebfng.<\/span><\/p>\n<table border=\"1\" cellpadding=\"0\" cellspacing=\"0\" style=\"width: 100%\" width=\"784\">\n<tbody>\n<tr>\n<td style=\"width: 161px;\">\n<p>\n\t\t\t\t\t<span style=\"font-size:14px;\">1. K&iacute;ch th\u01b0\u1edbc:<\/span><\/p>\n<\/td>\n<td style=\"width: 624px;\">\n<p>\n\t\t\t\t\t<span style=\"font-size:14px;\">Theo y&ecirc;u c\u1ea7u ri&ecirc;ng c\u1ee7a b\u1ea1n<\/span><\/p>\n<\/td>\n<\/tr>\n<tr>\n<td style=\"width: 161px;\">\n<p>\n\t\t\t\t\t<span style=\"font-size:14px;\">2. Nguy&ecirc;n v\u1eadt li\u1ec7u:<\/span><\/p>\n<\/td>\n<td style=\"width: 624px;\">\n<p>\n\t\t\t\t\t<span style=\"font-size:14px;\">\u0110&aacute; c\u1ea9m th\u1ea1ch, sa th\u1ea1ch ho\u1eb7c \u0111&aacute; granite t\u1ef1 nhi&ecirc;n&nbsp;<\/span><\/p>\n<\/td>\n<\/tr>\n<tr>\n<td style=\"width: 161px;\">\n<p>\n\t\t\t\t\t<span style=\"font-size:14px;\">3. M&agrave;u s\u1eafc:<\/span><\/p>\n<\/td>\n<td style=\"width: 624px;\">\n<p>\n\t\t\t\t\t<span style=\"font-size:14px;\">Tr\u1eafng\/V&agrave;ng\/\u0110en\/X&aacute;m\/H\u1ed3ng\/\u0110\u1ecf&hellip; theo y&ecirc;u c\u1ea7u ri&ecirc;ng c\u1ee7a b\u1ea1n&nbsp;<\/span><\/p>\n<\/td>\n<\/tr>\n<tr>\n<td style=\"width: 161px;\">\n<p>\n\t\t\t\t\t<span style=\"font-size:14px;\">4. K\u1ef9 thu\u1eadt:<\/span><\/p>\n<\/td>\n<td style=\"width: 624px;\">\n<p>\n\t\t\t\t\t<span style=\"font-size:14px;\">\u0110i&ecirc;u kh\u1eafc b\u1eb1ng tay, b\u1ec1 m\u1eb7t trong \u0111&aacute;nh b&oacute;ng, b\u1ec1 m\u1eb7t ngo&agrave;i \u0111&aacute;nh b&oacute;ng ho\u1eb7c m&agrave;i nh\u1eb5n ho\u1eb7c bu nh&aacute;m<\/span><\/p>\n<\/td>\n<\/tr>\n<tr>\n<td style=\"width: 161px;\">\n<p>\n\t\t\t\t\t<span style=\"font-size:14px;\">5. Phong c&aacute;ch:<\/span><\/p>\n<\/td>\n<td style=\"width: 624px;\">\n<p>\n\t\t\t\t\t<span style=\"font-size:14px;\">C\u1ed5 \u0111i\u1ec3n ho\u1eb7c hi\u1ec7n \u0111\u1ea1i, ph\u01b0\u01a1ng \u0110&ocirc;ng ho\u1eb7c ph\u01b0\u01a1ng T&acirc;y t&ugrave;y theo y&ecirc;u c\u1ea7u ri&ecirc;ng c\u1ee7a b\u1ea1n&nbsp;<\/span><\/p>\n<\/td>\n<\/tr>\n<tr>\n<td style=\"width: 161px;\">\n<p>\n\t\t\t\t\t<span style=\"font-size:14px;\">6. C&aacute;ch s\u1eed d\u1ee5ng:<\/span><\/p>\n<\/td>\n<td style=\"width: 624px;\">\n<p>\n\t\t\t\t\t<span style=\"font-size:14px;\">Trang tr&iacute; n\u1ed9i th\u1ea5t ho\u1eb7c s&acirc;n v\u01b0\u1eddn nh&agrave; ri&ecirc;ng, bi\u1ec7t th\u1ef1, kh&aacute;ch s\u1ea1n, khu ngh\u1ec9 m&aacute;t&#8230;<\/span><\/p>\n<\/td>\n<\/tr>\n<tr>\n<td style=\"width: 161px;\">\n<p>\n\t\t\t\t\t<span style=\"font-size:14px;\">7. \u0110i\u1ec1u kho\u1ea3n mua b&aacute;n:<\/span><\/p>\n<\/td>\n<td style=\"width: 624px;\">\n<p>\n\t\t\t\t\t<span style=\"font-size:14px;\">EXW, FOB, CFR, CIF, CPT, CIP t&ugrave;y theo y&ecirc;u c\u1ea7u ri&ecirc;ng c\u1ee7a b\u1ea1n&nbsp;<\/span><\/p>\n<\/td>\n<\/tr>\n<tr>\n<td style=\"width: 161px;\">\n<p>\n\t\t\t\t\t<span style=\"font-size:14px;\">8. Ph\u01b0\u01a1ng th\u1ee9c thanh to&aacute;n: &nbsp;&nbsp;<\/span><\/p>\n<\/td>\n<td style=\"width: 624px;\">\n<p>\n\t\t\t\t\t<span style=\"font-size:14px;\">Chuy\u1ec3n kho\u1ea3n, th\u1ebb t&iacute;n d\u1ee5ng trong n\u01b0\u1edbc v&agrave; qu\u1ed1c t\u1ebf, Western Union ho\u1eb7c L\/C&nbsp;tr\u1ea3 ngay<\/span><\/p>\n<\/td>\n<\/tr>\n<tr>\n<td style=\"width: 161px;\">\n<p>\n\t\t\t\t\t<span style=\"font-size:14px;\">9. \u0110&oacute;ng g&oacute;i:<\/span><\/p>\n<\/td>\n<td style=\"width: 624px;\">\n<p>\n\t\t\t\t\t<span style=\"font-size:14px;\">\u0110&oacute;ng trong ki\u1ec7n g\u1ed7 ch\u1eafc ch\u1eafn (c&oacute; ch&egrave;n carton, n&ecirc;m g\u1ed7 ho\u1eb7c x\u1ed1p b&ecirc;n trong) \u0111\u1ed1i v\u1edbi v\u1eadn chuy\u1ec3n \u0111\u01b0\u1eddng bi\u1ec3n ho\u1eb7c \u0111\u01b0\u1eddng b\u1ed9 v&agrave; trong th&ugrave;ng x\u1ed1p \u0111\u1eb7c \u0111\u1ed1i v\u1edbi v\u1eadn chuy\u1ec3n h&agrave;ng kh&ocirc;ng<\/span><\/p>\n<\/td>\n<\/tr>\n<tr>\n<td style=\"width: 161px;\">\n<p>\n\t\t\t\t\t<span style=\"font-size:14px;\">10. Th\u1eddi h\u1ea1n giao h&agrave;ng:<\/span><\/p>\n<\/td>\n<td style=\"width: 624px;\">\n<p>\n\t\t\t\t\t<span style=\"font-size:14px;\">30-45 ng&agrave;y sau khi nh\u1eadn \u0111\u01b0\u1ee3c ti\u1ec1n \u0111\u1eb7t c\u1ecdc t&ugrave;y theo t\u1eebng \u0111\u01a1n h&agrave;ng c\u1ee5 th\u1ec3<\/span><\/p>\n<div>\n\t\t\t\t\t&nbsp;<\/div>\n<\/td>\n<\/tr>\n<\/tbody>\n<\/table>\n<p>\n\t&nbsp;<\/p>\n","protected":false},"excerpt":{"rendered":"<p>T\u01b0\u1ee3ng ng\u00f4i sao nh\u1ea1c rock huy\u1ec1n tho\u1ea1i Freddie Mercury \u0111ang bi\u1ec3u di\u1ec5n \u0111\u01b0\u1ee3c \u0111i\u00eau kh\u1eafc tinh t\u1ebf t\u1eeb \u0111\u00e1 granite \u0111en t\u1ef1 nhi\u00ean. \u0110\u00e2y l\u00e0 \u0111i\u1ec3m nh\u1ea5n m\u1edbi l\u1ea1 cho kh\u00f4ng gian ki\u1ebfn tr\u00fac c\u1ee7a b\u1ea1n, c\u00f3 th\u1ec3 trang tr\u00ed trong nh\u00e0 ho\u1eb7c ngo\u00e0i s\u00e2n v\u01b0\u1eddn. M\u1eddi b\u1ea1n xem th\u00eam nhi\u1ec1u lo\u1ea1i t\u01b0<\/p>\n","protected":false},"featured_media":1211,"comment_status":"open","ping_status":"closed","template":"","meta":[],"product_cat":[101],"product_tag":[],"class_list":["post-1161","product","type-product","status-publish","has-post-thumbnail","hentry","product_cat-garden-statues"],"yoast_head":"<!-- This site is optimized with the Yoast SEO plugin v16.6.1 - https:\/\/yoast.com\/wordpress\/plugins\/seo\/ -->\n<title>T\u01b0\u1ee3ng Ca s\u1ef9 nh\u1ea1c rock \u0111\u00e1 \u0111en DSF-V52 - Danang Sculpture Foundation<\/title>\n<meta name=\"robots\" content=\"index, follow, max-snippet:-1, max-image-preview:large, max-video-preview:-1\" \/>\n<link rel=\"canonical\" href=\"https:\/\/danangsculpture.com.vn\/vi\/product\/enfreddie-mercury-rock-singer-star-black-granite-statue-dsf-v52vituong-ca-sy-nhac-rock-da-den-dsf-v52\/\" \/>\n<meta property=\"og:locale\" content=\"vi_VN\" \/>\n<meta property=\"og:type\" content=\"article\" \/>\n<meta property=\"og:title\" content=\"T\u01b0\u1ee3ng Ca s\u1ef9 nh\u1ea1c rock \u0111\u00e1 \u0111en DSF-V52\" \/>\n<meta property=\"og:description\" content=\"T\u01b0\u1ee3ng ng\u00f4i sao nh\u1ea1c rock huy\u1ec1n tho\u1ea1i Freddie Mercury \u0111ang bi\u1ec3u di\u1ec5n \u0111\u01b0\u1ee3c \u0111i\u00eau kh\u1eafc tinh t\u1ebf t\u1eeb \u0111\u00e1 granite \u0111en t\u1ef1 nhi\u00ean. \u0110\u00e2y l\u00e0 \u0111i\u1ec3m nh\u1ea5n m\u1edbi l\u1ea1 cho kh\u00f4ng gian ki\u1ebfn tr\u00fac c\u1ee7a b\u1ea1n, c\u00f3 th\u1ec3 trang tr\u00ed trong nh\u00e0 ho\u1eb7c ngo\u00e0i s\u00e2n v\u01b0\u1eddn. M\u1eddi b\u1ea1n xem th\u00eam nhi\u1ec1u lo\u1ea1i t\u01b0\" \/>\n<meta property=\"og:url\" content=\"https:\/\/danangsculpture.com.vn\/vi\/product\/enfreddie-mercury-rock-singer-star-black-granite-statue-dsf-v52vituong-ca-sy-nhac-rock-da-den-dsf-v52\/\" \/>\n<meta property=\"og:site_name\" content=\"Danang Sculpture Foundation\" \/>\n<meta property=\"article:modified_time\" content=\"2021-06-14T05:01:27+00:00\" \/>\n<meta property=\"og:image\" content=\"http:\/\/danangsculpture.com.vn\/wp-content\/uploads\/2021\/06\/1490865799.jpg\" \/>\n\t<meta property=\"og:image:width\" content=\"450\" \/>\n\t<meta property=\"og:image:height\" content=\"600\" \/>\n<meta name=\"twitter:card\" content=\"summary_large_image\" \/>\n<meta name=\"twitter:label1\" content=\"\u01af\u1edbc t\u00ednh th\u1eddi gian \u0111\u1ecdc\" \/>\n\t<meta name=\"twitter:data1\" content=\"12 ph\u00fat\" \/>\n<script type=\"application\/ld+json\" class=\"yoast-schema-graph\">{\"@context\":\"https:\/\/schema.org\",\"@graph\":[{\"@type\":\"WebSite\",\"@id\":\"https:\/\/www.danangsculpture.com.vn\/vi\/#website\",\"url\":\"https:\/\/www.danangsculpture.com.vn\/vi\/\",\"name\":\"Danang Sculpture Foundation\",\"description\":\"Giving spirit to stones\",\"potentialAction\":[{\"@type\":\"SearchAction\",\"target\":{\"@type\":\"EntryPoint\",\"urlTemplate\":\"https:\/\/www.danangsculpture.com.vn\/vi\/?s={search_term_string}\"},\"query-input\":\"required name=search_term_string\"}],\"inLanguage\":\"vi\"},{\"@type\":\"ImageObject\",\"@id\":\"https:\/\/danangsculpture.com.vn\/vi\/product\/enfreddie-mercury-rock-singer-star-black-granite-statue-dsf-v52vituong-ca-sy-nhac-rock-da-den-dsf-v52\/#primaryimage\",\"inLanguage\":\"vi\",\"url\":\"https:\/\/www.danangsculpture.com.vn\/wp-content\/uploads\/2021\/06\/1490865799.jpg\",\"contentUrl\":\"https:\/\/www.danangsculpture.com.vn\/wp-content\/uploads\/2021\/06\/1490865799.jpg\",\"width\":450,\"height\":600},{\"@type\":\"WebPage\",\"@id\":\"https:\/\/danangsculpture.com.vn\/vi\/product\/enfreddie-mercury-rock-singer-star-black-granite-statue-dsf-v52vituong-ca-sy-nhac-rock-da-den-dsf-v52\/#webpage\",\"url\":\"https:\/\/danangsculpture.com.vn\/vi\/product\/enfreddie-mercury-rock-singer-star-black-granite-statue-dsf-v52vituong-ca-sy-nhac-rock-da-den-dsf-v52\/\",\"name\":\"[:en]Freddie Mercury Rock Singer Star Black Granite Statue DSF-V52[:vi]T\\u01b0\\u1ee3ng Ca s\\u1ef9 nh\\u1ea1c rock \\u0111\\u00e1 \\u0111en DSF-V52[:] - Danang Sculpture Foundation\",\"isPartOf\":{\"@id\":\"https:\/\/www.danangsculpture.com.vn\/vi\/#website\"},\"primaryImageOfPage\":{\"@id\":\"https:\/\/danangsculpture.com.vn\/vi\/product\/enfreddie-mercury-rock-singer-star-black-granite-statue-dsf-v52vituong-ca-sy-nhac-rock-da-den-dsf-v52\/#primaryimage\"},\"datePublished\":\"2021-06-14T04:56:40+00:00\",\"dateModified\":\"2021-06-14T05:01:27+00:00\",\"breadcrumb\":{\"@id\":\"https:\/\/danangsculpture.com.vn\/vi\/product\/enfreddie-mercury-rock-singer-star-black-granite-statue-dsf-v52vituong-ca-sy-nhac-rock-da-den-dsf-v52\/#breadcrumb\"},\"inLanguage\":\"vi\",\"potentialAction\":[{\"@type\":\"ReadAction\",\"target\":[\"https:\/\/danangsculpture.com.vn\/vi\/product\/enfreddie-mercury-rock-singer-star-black-granite-statue-dsf-v52vituong-ca-sy-nhac-rock-da-den-dsf-v52\/\"]}]},{\"@type\":\"BreadcrumbList\",\"@id\":\"https:\/\/danangsculpture.com.vn\/vi\/product\/enfreddie-mercury-rock-singer-star-black-granite-statue-dsf-v52vituong-ca-sy-nhac-rock-da-den-dsf-v52\/#breadcrumb\",\"itemListElement\":[{\"@type\":\"ListItem\",\"position\":1,\"name\":\"Home\",\"item\":\"https:\/\/www.danangsculpture.com.vn\/vi\/\"},{\"@type\":\"ListItem\",\"position\":2,\"name\":\"Shop\",\"item\":\"https:\/\/www.danangsculpture.com.vn\/vi\/shop\/\"},{\"@type\":\"ListItem\",\"position\":3,\"name\":\"Freddie Mercury Rock Singer Star Black Granite Statue DSF-V52\"}]}]}<\/script>\n<!-- \/ Yoast SEO plugin. -->","_links":{"self":[{"href":"https:\/\/www.danangsculpture.com.vn\/vi\/wp-json\/wp\/v2\/product\/1161","targetHints":{"allow":["GET"]}}],"collection":[{"href":"https:\/\/www.danangsculpture.com.vn\/vi\/wp-json\/wp\/v2\/product"}],"about":[{"href":"https:\/\/www.danangsculpture.com.vn\/vi\/wp-json\/wp\/v2\/types\/product"}],"replies":[{"embeddable":true,"href":"https:\/\/www.danangsculpture.com.vn\/vi\/wp-json\/wp\/v2\/comments?post=1161"}],"wp:featuredmedia":[{"embeddable":true,"href":"https:\/\/www.danangsculpture.com.vn\/vi\/wp-json\/wp\/v2\/media\/1211"}],"wp:attachment":[{"href":"https:\/\/www.danangsculpture.com.vn\/vi\/wp-json\/wp\/v2\/media?parent=1161"}],"wp:term":[{"taxonomy":"product_cat","embeddable":true,"href":"https:\/\/www.danangsculpture.com.vn\/vi\/wp-json\/wp\/v2\/product_cat?post=1161"},{"taxonomy":"product_tag","embeddable":true,"href":"https:\/\/www.danangsculpture.com.vn\/vi\/wp-json\/wp\/v2\/product_tag?post=1161"}],"curies":[{"name":"wp","href":"https:\/\/api.w.org\/{rel}","templated":true}]}}