{"id":1083,"date":"2021-06-14T11:49:16","date_gmt":"2021-06-14T04:49:16","guid":{"rendered":"http:\/\/wordpress.dsp.vn\/?post_type=product&#038;p=1083"},"modified":"2021-06-14T11:53:52","modified_gmt":"2021-06-14T04:53:52","slug":"enroman-ancient-outdoor-stone-lantern-dsf-d50viden-da-co-dien-co-tuong-thieu-nu-dsf-d50","status":"publish","type":"product","link":"https:\/\/www.danangsculpture.com.vn\/vi\/product\/enroman-ancient-outdoor-stone-lantern-dsf-d50viden-da-co-dien-co-tuong-thieu-nu-dsf-d50\/","title":{"rendered":"\u0110\u00e8n \u0111\u00e1 c\u1ed5 \u0111i\u1ec3n c\u00f3 t\u01b0\u1ee3ng thi\u1ebfu n\u1eef DSF-D50"},"content":{"rendered":"<p>\n\t<span style=\"font-size:14px;\">\u0110&egrave;n s&acirc;n v\u01b0\u1eddn k&iacute;ch th\u01b0\u1edbc l\u1edbn v\u1edbi tr\u1ee5 \u0111&egrave;n l&agrave; c&ocirc; g&aacute;i xinh \u0111\u1eb9p ki\u1ec3u La M&atilde; c\u1ed5 \u0111i\u1ec3n \u0111\u01b0\u1ee3c \u0111i&ecirc;u kh\u1eafc tinh t\u1ebf t\u1eeb \u0111&aacute; c\u1ea9m th\u1ea1ch tr\u1eafng&nbsp;t\u1ef1 nhi&ecirc;n. \u0110&acirc;y l&agrave; m\u1ed9t t&aacute;c ph\u1ea9m ngh\u1ec7 thu\u1eadt,&nbsp;\u0111em l\u1ea1i \u0111i\u1ec3m nh\u1ea5n \u0111\u1ed9c \u0111&aacute;o cho kh&ocirc;ng gian ki\u1ebfn tr&uacute;c s&acirc;n v\u01b0\u1eddn c\u1ee7a b\u1ea1n. M\u1eddi &nbsp;b\u1ea1n xem th&ecirc;m nhi\u1ec1u lo\u1ea1i \u0111&egrave;n \u0111&aacute;, t\u01b0\u1ee3ng trang tr&iacute;, ch\u1eadu hoa, \u0111&agrave;i phun n\u01b0\u1edbc b\u1eb1ng \u0111&aacute; kh&aacute;c t\u1ea1i&nbsp;<u><strong><a href=\"http:\/\/danangsculpture.com\/vn\/product-cat\/11-tuong-va-san-pham-san-vuon\/\">DanangSculpture.com<\/a><a href=\"http:\/\/danangsculpture.com\/vn\/product-cat\/20-ban-ghe\/\">.<\/a><\/strong><\/u><\/span><\/p>\n<p>\n\t&nbsp;<\/p>\n<table border=\"1\" cellpadding=\"0\" cellspacing=\"0\" style=\"width: 100%\" width=\"784\">\n<tbody>\n<tr>\n<td style=\"width: 161px;\">\n<p>\n\t\t\t\t\t<span style=\"font-size:14px;\">1. K&iacute;ch th\u01b0\u1edbc:<\/span><\/p>\n<\/td>\n<td style=\"width: 624px;\">\n<p>\n\t\t\t\t\t<span style=\"font-size:14px;\">T\u1eeb 150cm tr\u1edf l&ecirc;n theo y&ecirc;u c\u1ea7u ri&ecirc;ng c\u1ee7a b\u1ea1n<\/span><\/p>\n<\/td>\n<\/tr>\n<tr>\n<td style=\"width: 161px;\">\n<p>\n\t\t\t\t\t<span style=\"font-size:14px;\">2. Nguy&ecirc;n v\u1eadt li\u1ec7u:<\/span><\/p>\n<\/td>\n<td style=\"width: 624px;\">\n<p>\n\t\t\t\t\t<span style=\"font-size:14px;\">\u0110&aacute; c\u1ea9m th\u1ea1ch ho\u1eb7c sa th\u1ea1ch t\u1ef1 nhi&ecirc;n&nbsp;<\/span><\/p>\n<\/td>\n<\/tr>\n<tr>\n<td style=\"width: 161px;\">\n<p>\n\t\t\t\t\t<span style=\"font-size:14px;\">3. M&agrave;u s\u1eafc:<\/span><\/p>\n<\/td>\n<td style=\"width: 624px;\">\n<p>\n\t\t\t\t\t<span style=\"font-size:14px;\">Tr\u1eafng\/V&agrave;ng\/\u0110en\/X&aacute;m\/H\u1ed3ng\/\u0110\u1ecf&hellip; theo y&ecirc;u c\u1ea7u ri&ecirc;ng c\u1ee7a b\u1ea1n&nbsp;<\/span><\/p>\n<\/td>\n<\/tr>\n<tr>\n<td style=\"width: 161px;\">\n<p>\n\t\t\t\t\t<span style=\"font-size:14px;\">4. K\u1ef9 thu\u1eadt:<\/span><\/p>\n<\/td>\n<td style=\"width: 624px;\">\n<p>\n\t\t\t\t\t<span style=\"font-size:14px;\">\u0110i&ecirc;u kh\u1eafc b\u1eb1ng tay, b\u1ec1 m\u1eb7t trong \u0111&aacute;nh b&oacute;ng, b\u1ec1 m\u1eb7t ngo&agrave;i \u0111&aacute;nh b&oacute;ng ho\u1eb7c m&agrave;i nh\u1eb5n ho\u1eb7c bu nh&aacute;m<\/span><\/p>\n<\/td>\n<\/tr>\n<tr>\n<td style=\"width: 161px;\">\n<p>\n\t\t\t\t\t<span style=\"font-size:14px;\">5. Phong c&aacute;ch:<\/span><\/p>\n<\/td>\n<td style=\"width: 624px;\">\n<p>\n\t\t\t\t\t<span style=\"font-size:14px;\">C\u1ed5 \u0111i\u1ec3n ho\u1eb7c hi\u1ec7n \u0111\u1ea1i, ph\u01b0\u01a1ng \u0110&ocirc;ng ho\u1eb7c ph\u01b0\u01a1ng T&acirc;y t&ugrave;y theo y&ecirc;u c\u1ea7u ri&ecirc;ng c\u1ee7a b\u1ea1n&nbsp;<\/span><\/p>\n<\/td>\n<\/tr>\n<tr>\n<td style=\"width: 161px;\">\n<p>\n\t\t\t\t\t<span style=\"font-size:14px;\">6. C&aacute;ch s\u1eed d\u1ee5ng:<\/span><\/p>\n<\/td>\n<td style=\"width: 624px;\">\n<p>\n\t\t\t\t\t<span style=\"font-size:14px;\">Trang tr&iacute; s&acirc;n v\u01b0\u1eddn nh&agrave; ri&ecirc;ng, bi\u1ec7t th\u1ef1, kh&aacute;ch s\u1ea1n, khu ngh\u1ec9 m&aacute;t&#8230;<\/span><\/p>\n<\/td>\n<\/tr>\n<tr>\n<td style=\"width: 161px;\">\n<p>\n\t\t\t\t\t<span style=\"font-size:14px;\">7. \u0110i\u1ec1u kho\u1ea3n mua b&aacute;n:<\/span><\/p>\n<\/td>\n<td style=\"width: 624px;\">\n<p>\n\t\t\t\t\t<span style=\"font-size:14px;\">EXW, FOB, CFR, CIF, CPT, CIP t&ugrave;y theo y&ecirc;u c\u1ea7u ri&ecirc;ng c\u1ee7a b\u1ea1n&nbsp;<\/span><\/p>\n<\/td>\n<\/tr>\n<tr>\n<td style=\"width: 161px;\">\n<p>\n\t\t\t\t\t<span style=\"font-size:14px;\">8. Ph\u01b0\u01a1ng th\u1ee9c thanh to&aacute;n: &nbsp;&nbsp;<\/span><\/p>\n<\/td>\n<td style=\"width: 624px;\">\n<p>\n\t\t\t\t\t<span style=\"font-size:14px;\">Chuy\u1ec3n kho\u1ea3n, th\u1ebb t&iacute;n d\u1ee5ng trong n\u01b0\u1edbc v&agrave; qu\u1ed1c t\u1ebf, Western Union ho\u1eb7c L\/C&nbsp;tr\u1ea3 ngay<\/span><\/p>\n<\/td>\n<\/tr>\n<tr>\n<td style=\"width: 161px;\">\n<p>\n\t\t\t\t\t<span style=\"font-size:14px;\">9. \u0110&oacute;ng g&oacute;i:<\/span><\/p>\n<\/td>\n<td style=\"width: 624px;\">\n<p>\n\t\t\t\t\t<span style=\"font-size:14px;\">\u0110&oacute;ng trong ki\u1ec7n g\u1ed7 ch\u1eafc ch\u1eafn (c&oacute; ch&egrave;n carton, n&ecirc;m g\u1ed7 ho\u1eb7c x\u1ed1p b&ecirc;n trong) \u0111\u1ed1i v\u1edbi v\u1eadn chuy\u1ec3n \u0111\u01b0\u1eddng bi\u1ec3n ho\u1eb7c \u0111\u01b0\u1eddng b\u1ed9 v&agrave; trong th&ugrave;ng x\u1ed1p \u0111\u1eb7c \u0111\u1ed1i v\u1edbi v\u1eadn chuy\u1ec3n h&agrave;ng kh&ocirc;ng<\/span><\/p>\n<\/td>\n<\/tr>\n<tr>\n<td style=\"width: 161px;\">\n<p>\n\t\t\t\t\t<span style=\"font-size:14px;\">10. Th\u1eddi h\u1ea1n giao h&agrave;ng:<\/span><\/p>\n<\/td>\n<td style=\"width: 624px;\">\n<p>\n\t\t\t\t\t<span style=\"font-size:14px;\">30-40 ng&agrave;y sau khi nh\u1eadn \u0111\u01b0\u1ee3c ti\u1ec1n \u0111\u1eb7t c\u1ecdc t&ugrave;y theo t\u1eebng \u0111\u01a1n h&agrave;ng c\u1ee5 th\u1ec3<\/span><\/p>\n<\/td>\n<\/tr>\n<\/tbody>\n<\/table>\n<p>\n\t&nbsp;<\/p>\n","protected":false},"excerpt":{"rendered":"<p>\u0110\u00e8n s\u00e2n v\u01b0\u1eddn k\u00edch th\u01b0\u1edbc l\u1edbn v\u1edbi tr\u1ee5 \u0111\u00e8n l\u00e0 c\u00f4 g\u00e1i xinh \u0111\u1eb9p ki\u1ec3u La M\u00e3 c\u1ed5 \u0111i\u1ec3n \u0111\u01b0\u1ee3c \u0111i\u00eau kh\u1eafc tinh t\u1ebf t\u1eeb \u0111\u00e1 c\u1ea9m th\u1ea1ch tr\u1eafng t\u1ef1 nhi\u00ean. \u0110\u00e2y l\u00e0 m\u1ed9t t\u00e1c ph\u1ea9m ngh\u1ec7 thu\u1eadt, \u0111em l\u1ea1i \u0111i\u1ec3m nh\u1ea5n \u0111\u1ed9c \u0111\u00e1o cho kh\u00f4ng gian ki\u1ebfn tr\u00fac s\u00e2n v\u01b0\u1eddn c\u1ee7a b\u1ea1n.<\/p>\n","protected":false},"featured_media":1132,"comment_status":"open","ping_status":"closed","template":"","meta":[],"product_cat":[99],"product_tag":[],"class_list":["post-1083","product","type-product","status-publish","has-post-thumbnail","hentry","product_cat-lamps-lanterns"],"yoast_head":"<!-- This site is optimized with the Yoast SEO plugin v16.6.1 - https:\/\/yoast.com\/wordpress\/plugins\/seo\/ -->\n<title>\u0110\u00e8n \u0111\u00e1 c\u1ed5 \u0111i\u1ec3n c\u00f3 t\u01b0\u1ee3ng thi\u1ebfu n\u1eef DSF-D50 - Danang Sculpture Foundation<\/title>\n<meta name=\"robots\" content=\"index, follow, max-snippet:-1, max-image-preview:large, max-video-preview:-1\" \/>\n<link rel=\"canonical\" href=\"https:\/\/www.danangsculpture.com.vn\/product\/enroman-ancient-outdoor-stone-lantern-dsf-d50viden-da-co-dien-co-tuong-thieu-nu-dsf-d50\/\" \/>\n<meta property=\"og:locale\" content=\"vi_VN\" \/>\n<meta property=\"og:type\" content=\"article\" \/>\n<meta property=\"og:title\" content=\"\u0110\u00e8n \u0111\u00e1 c\u1ed5 \u0111i\u1ec3n c\u00f3 t\u01b0\u1ee3ng thi\u1ebfu n\u1eef DSF-D50\" \/>\n<meta property=\"og:description\" content=\"\u0110\u00e8n s\u00e2n v\u01b0\u1eddn k\u00edch th\u01b0\u1edbc l\u1edbn v\u1edbi tr\u1ee5 \u0111\u00e8n l\u00e0 c\u00f4 g\u00e1i xinh \u0111\u1eb9p ki\u1ec3u La M\u00e3 c\u1ed5 \u0111i\u1ec3n \u0111\u01b0\u1ee3c \u0111i\u00eau kh\u1eafc tinh t\u1ebf t\u1eeb \u0111\u00e1 c\u1ea9m th\u1ea1ch tr\u1eafng t\u1ef1 nhi\u00ean. \u0110\u00e2y l\u00e0 m\u1ed9t t\u00e1c ph\u1ea9m ngh\u1ec7 thu\u1eadt, \u0111em l\u1ea1i \u0111i\u1ec3m nh\u1ea5n \u0111\u1ed9c \u0111\u00e1o cho kh\u00f4ng gian ki\u1ebfn tr\u00fac s\u00e2n v\u01b0\u1eddn c\u1ee7a b\u1ea1n.\" \/>\n<meta property=\"og:url\" content=\"https:\/\/www.danangsculpture.com.vn\/product\/enroman-ancient-outdoor-stone-lantern-dsf-d50viden-da-co-dien-co-tuong-thieu-nu-dsf-d50\/\" \/>\n<meta property=\"og:site_name\" content=\"Danang Sculpture Foundation\" \/>\n<meta property=\"article:modified_time\" content=\"2021-06-14T04:53:52+00:00\" \/>\n<meta property=\"og:image\" content=\"http:\/\/danangsculpture.com.vn\/wp-content\/uploads\/2021\/06\/1490606699.jpg\" \/>\n\t<meta property=\"og:image:width\" content=\"450\" \/>\n\t<meta property=\"og:image:height\" content=\"600\" \/>\n<meta name=\"twitter:card\" content=\"summary_large_image\" \/>\n<meta name=\"twitter:label1\" content=\"\u01af\u1edbc t\u00ednh th\u1eddi gian \u0111\u1ecdc\" \/>\n\t<meta name=\"twitter:data1\" content=\"11 ph\u00fat\" \/>\n<script type=\"application\/ld+json\" class=\"yoast-schema-graph\">{\"@context\":\"https:\/\/schema.org\",\"@graph\":[{\"@type\":\"WebSite\",\"@id\":\"https:\/\/www.danangsculpture.com.vn\/vi\/#website\",\"url\":\"https:\/\/www.danangsculpture.com.vn\/vi\/\",\"name\":\"Danang Sculpture Foundation\",\"description\":\"Giving spirit to stones\",\"potentialAction\":[{\"@type\":\"SearchAction\",\"target\":{\"@type\":\"EntryPoint\",\"urlTemplate\":\"https:\/\/www.danangsculpture.com.vn\/vi\/?s={search_term_string}\"},\"query-input\":\"required name=search_term_string\"}],\"inLanguage\":\"vi\"},{\"@type\":\"ImageObject\",\"@id\":\"https:\/\/www.danangsculpture.com.vn\/product\/enroman-ancient-outdoor-stone-lantern-dsf-d50viden-da-co-dien-co-tuong-thieu-nu-dsf-d50\/#primaryimage\",\"inLanguage\":\"vi\",\"url\":\"https:\/\/www.danangsculpture.com.vn\/wp-content\/uploads\/2021\/06\/1490606699.jpg\",\"contentUrl\":\"https:\/\/www.danangsculpture.com.vn\/wp-content\/uploads\/2021\/06\/1490606699.jpg\",\"width\":450,\"height\":600},{\"@type\":\"WebPage\",\"@id\":\"https:\/\/www.danangsculpture.com.vn\/product\/enroman-ancient-outdoor-stone-lantern-dsf-d50viden-da-co-dien-co-tuong-thieu-nu-dsf-d50\/#webpage\",\"url\":\"https:\/\/www.danangsculpture.com.vn\/product\/enroman-ancient-outdoor-stone-lantern-dsf-d50viden-da-co-dien-co-tuong-thieu-nu-dsf-d50\/\",\"name\":\"[:en]Roman Ancient Outdoor Stone Lantern DSF-D50[:vi]\\u0110\\u00e8n \\u0111\\u00e1 c\\u1ed5 \\u0111i\\u1ec3n c\\u00f3 t\\u01b0\\u1ee3ng thi\\u1ebfu n\\u1eef DSF-D50[:] - Danang Sculpture Foundation\",\"isPartOf\":{\"@id\":\"https:\/\/www.danangsculpture.com.vn\/vi\/#website\"},\"primaryImageOfPage\":{\"@id\":\"https:\/\/www.danangsculpture.com.vn\/product\/enroman-ancient-outdoor-stone-lantern-dsf-d50viden-da-co-dien-co-tuong-thieu-nu-dsf-d50\/#primaryimage\"},\"datePublished\":\"2021-06-14T04:49:16+00:00\",\"dateModified\":\"2021-06-14T04:53:52+00:00\",\"breadcrumb\":{\"@id\":\"https:\/\/www.danangsculpture.com.vn\/product\/enroman-ancient-outdoor-stone-lantern-dsf-d50viden-da-co-dien-co-tuong-thieu-nu-dsf-d50\/#breadcrumb\"},\"inLanguage\":\"vi\",\"potentialAction\":[{\"@type\":\"ReadAction\",\"target\":[\"https:\/\/www.danangsculpture.com.vn\/product\/enroman-ancient-outdoor-stone-lantern-dsf-d50viden-da-co-dien-co-tuong-thieu-nu-dsf-d50\/\"]}]},{\"@type\":\"BreadcrumbList\",\"@id\":\"https:\/\/www.danangsculpture.com.vn\/product\/enroman-ancient-outdoor-stone-lantern-dsf-d50viden-da-co-dien-co-tuong-thieu-nu-dsf-d50\/#breadcrumb\",\"itemListElement\":[{\"@type\":\"ListItem\",\"position\":1,\"name\":\"Home\",\"item\":\"https:\/\/www.danangsculpture.com.vn\/vi\/\"},{\"@type\":\"ListItem\",\"position\":2,\"name\":\"Shop\",\"item\":\"https:\/\/www.danangsculpture.com.vn\/vi\/shop\/\"},{\"@type\":\"ListItem\",\"position\":3,\"name\":\"Roman Ancient Outdoor Stone Lantern DSF-D50\"}]}]}<\/script>\n<!-- \/ Yoast SEO plugin. -->","_links":{"self":[{"href":"https:\/\/www.danangsculpture.com.vn\/vi\/wp-json\/wp\/v2\/product\/1083","targetHints":{"allow":["GET"]}}],"collection":[{"href":"https:\/\/www.danangsculpture.com.vn\/vi\/wp-json\/wp\/v2\/product"}],"about":[{"href":"https:\/\/www.danangsculpture.com.vn\/vi\/wp-json\/wp\/v2\/types\/product"}],"replies":[{"embeddable":true,"href":"https:\/\/www.danangsculpture.com.vn\/vi\/wp-json\/wp\/v2\/comments?post=1083"}],"wp:featuredmedia":[{"embeddable":true,"href":"https:\/\/www.danangsculpture.com.vn\/vi\/wp-json\/wp\/v2\/media\/1132"}],"wp:attachment":[{"href":"https:\/\/www.danangsculpture.com.vn\/vi\/wp-json\/wp\/v2\/media?parent=1083"}],"wp:term":[{"taxonomy":"product_cat","embeddable":true,"href":"https:\/\/www.danangsculpture.com.vn\/vi\/wp-json\/wp\/v2\/product_cat?post=1083"},{"taxonomy":"product_tag","embeddable":true,"href":"https:\/\/www.danangsculpture.com.vn\/vi\/wp-json\/wp\/v2\/product_tag?post=1083"}],"curies":[{"name":"wp","href":"https:\/\/api.w.org\/{rel}","templated":true}]}}